{"id":10163,"date":"2023-08-15T19:26:30","date_gmt":"2023-08-15T19:26:30","guid":{"rendered":"https:\/\/www.masreservas.net\/?page_id=10163"},"modified":"2023-12-03T21:34:00","modified_gmt":"2023-12-03T21:34:00","slug":"privacy-policy-1","status":"publish","type":"page","link":"https:\/\/www.masreservas.net\/es\/privacy-policy-1\/","title":{"rendered":"Pol\u00edtica de privacidad"},"content":{"rendered":"<section class=\"wpb-content-wrapper\"><div class=\"vc_row wpb_row vc_row-fluid vc_custom_1690573570367 vc_row-has-fill\"><div class=\"wpb_column vc_column_container vc_col-sm-12\"><div class=\"vc_column-inner\"><div class=\"wpb_wrapper\"><div id=\"ultimate-heading-48269f273aae80ac\" class=\"uvc-heading ult-adjust-bottom-margin ultimate-heading-48269f273aae80ac uvc-3794\" data-hspacer=\"no_spacer\"  data-halign=\"center\" style=\"text-align:center\"><div class=\"uvc-heading-spacer no_spacer\" style=\"top\"><\/div><div class=\"uvc-main-heading ult-responsive\"  data-ultimate-target='.uvc-heading.ultimate-heading-48269f273aae80ac h2'  data-responsive-json-new='{\"font-size\":\"desktop:60px;\",\"line-height\":\"desktop:70px;\"}' ><h2 style=\"font-family:&#039;Raleway&#039;;--font-weight:theme;margin-bottom:25px;\">Pol\u00edtica de privacidad<\/h2><\/div><\/div><\/div><\/div><\/div><\/div><!-- Row Backgrounds --><div class=\"upb_color\" data-bg-override=\"ex-full\" data-bg-color=\"#cec4bd\" data-fadeout=\"\" data-fadeout-percentage=\"30\" data-parallax-content=\"\" data-parallax-content-sense=\"30\" data-row-effect-mobile-disable=\"true\" data-img-parallax-mobile-disable=\"true\" data-rtl=\"false\"  data-custom-vc-row=\"\"  data-vc=\"6.10.0\"  data-is_old_vc=\"\"  data-theme-support=\"\"   data-overlay=\"false\" data-overlay-color=\"\" data-overlay-pattern=\"\" data-overlay-pattern-opacity=\"\" data-overlay-pattern-size=\"\"    ><\/div><div class=\"vc_row wpb_row vc_row-fluid vc_custom_1691884612256 vc_row-has-fill\"><div class=\"wpb_column vc_column_container vc_col-sm-12\"><div class=\"vc_column-inner\"><div class=\"wpb_wrapper\"><div id=\"ultimate-heading-964869f273aae8749\" class=\"uvc-heading ult-adjust-bottom-margin ultimate-heading-964869f273aae8749 uvc-5964  uvc-heading-default-font-sizes\" data-hspacer=\"no_spacer\"  data-halign=\"left\" style=\"text-align:left\"><div class=\"uvc-heading-spacer no_spacer\" style=\"top\"><\/div><div class=\"uvc-sub-heading ult-responsive\"  data-ultimate-target='.uvc-heading.ultimate-heading-964869f273aae8749 .uvc-sub-heading '  data-responsive-json-new='{\"font-size\":\"\",\"line-height\":\"\"}'  style=\"font-family:&#039;Raleway&#039;;font-weight:normal;\"><strong>Fecha de vigencia: 15\/08\/2023<\/strong><\/p>\n<p>Bienvenido a nuestro sitio web que brinda servicios digitales para hoteles en la Rep\u00fablica Dominicana (referido como \"nosotros\", \"nosotros\" o \"nuestro\"). Proteger tu privacidad es importante para nosotros. Esta Pol\u00edtica de privacidad explica c\u00f3mo recopilamos, usamos, divulgamos y protegemos su informaci\u00f3n personal cuando utiliza nuestro sitio web y los servicios ofrecidos. Al acceder o utilizar nuestros servicios, acepta las pr\u00e1cticas descritas en esta Pol\u00edtica de privacidad.<\/p>\n<p><strong>Informaci\u00f3n que recopilamos<\/strong><\/p>\n<p>Podemos recopilar informaci\u00f3n personal que nos proporciona directamente cuando utiliza nuestro sitio web y nuestros servicios. Esta informaci\u00f3n puede incluir:<\/p>\n<ol>\n<li class=\" translation-block\"><strong>Informaci\u00f3n de contacto:<\/strong> su nombre, direcci\u00f3n de correo electr\u00f3nico, n\u00famero de tel\u00e9fono y otros detalles de contacto relevantes.<\/li>\n<li><strong>Informaci\u00f3n del hotel:<\/strong> Detalles sobre su hotel, incluido el nombre, la ubicaci\u00f3n, los servicios ofrecidos y otra informaci\u00f3n relacionada.<\/li>\n<li><strong>Informaci\u00f3n del pago:<\/strong> Si realiza pagos por nuestros servicios, podemos recopilar informaci\u00f3n de la tarjeta de pago u otros detalles financieros.<\/li>\n<li><strong>Comunicaci\u00f3n:<\/strong> Correspondencia y otra informaci\u00f3n que nos env\u00ede, incluidas las consultas de atenci\u00f3n al cliente.<\/li>\n<li><strong>Informaci\u00f3n de uso:<\/strong> Informaci\u00f3n sobre c\u00f3mo utiliza nuestro sitio web y nuestros servicios, incluida la direcci\u00f3n IP, el tipo de navegador, el sistema operativo y los patrones de uso.<\/li>\n<li><strong>Cookies y tecnolog\u00edas de seguimiento:<\/strong> Podemos utilizar cookies y tecnolog\u00edas similares para recopilar informaci\u00f3n sobre sus interacciones con nuestro sitio web.<\/li>\n<\/ol>\n<p><strong>C\u00f3mo usamos su informaci\u00f3n<\/strong><\/p>\n<p>Podemos utilizar la informaci\u00f3n recopilada para diversos fines, que incluyen:<\/p>\n<ol>\n<li><strong>Proporcionar servicios:<\/strong> Para brindar los servicios que solicita, incluida la administraci\u00f3n de listados de hoteles y la facilitaci\u00f3n de reservas.<\/li>\n<li><strong>Mejora de los servicios:<\/strong> Para mejorar y personalizar su experiencia, comprender los patrones de uso y mejorar nuestros servicios.<\/li>\n<li><strong>Comunicaci\u00f3n<\/strong> Para enviarle informaci\u00f3n sobre nuestros servicios, actualizaciones y materiales promocionales.<\/li>\n<li><strong>Atenci\u00f3n al cliente:<\/strong> Para responder a sus consultas, comentarios o solicitudes de asistencia.<\/li>\n<li><strong>C\u00f3mplice legal:<\/strong> Cumplir con las leyes, reglamentos y procesos legales aplicables.<\/li>\n<li><strong>Proteccion:<\/strong> Para proteger los derechos, la privacidad, la seguridad o la propiedad de nosotros, nuestros usuarios y otros.<\/li>\n<\/ol>\n<p><strong>Divulgaci\u00f3n e intercambio de informaci\u00f3n<\/strong><\/p>\n<p>Podemos compartir su informaci\u00f3n de las siguientes maneras:<\/p>\n<ol>\n<li class=\" translation-block\"><strong>Proveedores de servicios:<\/strong> podemos compartir su informaci\u00f3n con proveedores de servicios externos que ayudan a operar nuestro sitio web y brindar nuestros servicios.<\/li>\n<li class=\" translation-block\"><strong>Transferencias comerciales:<\/strong> en el caso de una fusi\u00f3n, adquisici\u00f3n o venta de la totalidad o una parte de nuestros activos, su informaci\u00f3n puede transferirse a la entidad adquirente.<\/li>\n<li class=\" translation-block\"><strong>Obligaciones legales:<\/strong> podemos divulgar su informaci\u00f3n para cumplir con obligaciones legales, responder a solicitudes gubernamentales o proteger nuestros derechos, privacidad, seguridad o propiedad.<\/li>\n<li><strong>Consent:<\/strong> With your consent, we may share your information for specific purposes.<\/li>\n<\/ol>\n<p><strong>Tus opciones<\/strong><\/p>\n<p>Tiene derecho a:<\/p>\n<ol>\n<li>Acceder y actualizar su informaci\u00f3n personal.<\/li>\n<li>Optar por no recibir comunicaciones promocionales.<\/li>\n<li>Elimine su cuenta e informaci\u00f3n personal (sujeto a los requisitos legales aplicables).<\/li>\n<li>Deshabilite las cookies a trav\u00e9s de la configuraci\u00f3n de su navegador.<\/li>\n<\/ol>\n<p><strong>Seguridad<\/strong><\/p>\n<p>Implementamos medidas t\u00e9cnicas y organizativas apropiadas para proteger su informaci\u00f3n personal. Sin embargo, ning\u00fan m\u00e9todo de transmisi\u00f3n por Internet o almacenamiento electr\u00f3nico es completamente seguro y no podemos garantizar una seguridad absoluta.<\/p>\n<p><strong>Cambios a esta Pol\u00edtica de Privacidad<\/strong><\/p>\n<p>Es posible que actualicemos esta Pol\u00edtica de privacidad peri\u00f3dicamente. Le notificaremos los cambios significativos a trav\u00e9s del sitio web u otros medios. Al continuar utilizando nuestros servicios despu\u00e9s de dichos cambios, usted acepta la Pol\u00edtica de privacidad actualizada.<\/p>\n<p><strong>Contacta con nosotros<\/strong><\/p>\n<p class=\" translation-block\">Si tiene alguna pregunta o inquietud sobre esta Pol\u00edtica de privacidad o nuestras pr\u00e1cticas, cont\u00e1ctenos en <a href=\"mailto:info@masreservas.com\" target=\"_blank\" rel=\"noopener\">info@masreservas.com<\/a>.<\/p>\n<p>Al utilizar nuestro sitio web y nuestros servicios, usted reconoce que ha le\u00eddo y comprendido esta Pol\u00edtica de privacidad y acepta sus t\u00e9rminos.<\/div><\/div><\/div><\/div><\/div><\/div><!-- Row Backgrounds --><div class=\"upb_color\" data-bg-override=\"ex-full\" data-bg-color=\"#ffffff\" data-fadeout=\"\" data-fadeout-percentage=\"30\" data-parallax-content=\"\" data-parallax-content-sense=\"30\" data-row-effect-mobile-disable=\"true\" data-img-parallax-mobile-disable=\"true\" data-rtl=\"false\"  data-custom-vc-row=\"\"  data-vc=\"6.10.0\"  data-is_old_vc=\"\"  data-theme-support=\"\"   data-overlay=\"false\" data-overlay-color=\"\" data-overlay-pattern=\"\" data-overlay-pattern-opacity=\"\" data-overlay-pattern-size=\"\"    ><\/div>\n<\/section>","protected":false},"excerpt":{"rendered":"<p>Privacy PolicyEffective Date: 15.08.2023 Welcome to our website providing digital services for hotels in the Dominican Republic (referred to as &#8220;we,&#8221; &#8220;us,&#8221; or &#8220;our&#8221;). Protecting your privacy is important to us. This Privacy Policy explains how we collect, use, disclose, and safeguard your personal information when you use our website and the services offered. By&hellip;<\/p>","protected":false},"author":11,"featured_media":0,"parent":0,"menu_order":30,"comment_status":"closed","ping_status":"closed","template":"","meta":{"footnotes":""},"class_list":["post-10163","page","type-page","status-publish","hentry","description-off"],"_links":{"self":[{"href":"https:\/\/www.masreservas.net\/es\/wp-json\/wp\/v2\/pages\/10163"}],"collection":[{"href":"https:\/\/www.masreservas.net\/es\/wp-json\/wp\/v2\/pages"}],"about":[{"href":"https:\/\/www.masreservas.net\/es\/wp-json\/wp\/v2\/types\/page"}],"author":[{"embeddable":true,"href":"https:\/\/www.masreservas.net\/es\/wp-json\/wp\/v2\/users\/11"}],"replies":[{"embeddable":true,"href":"https:\/\/www.masreservas.net\/es\/wp-json\/wp\/v2\/comments?post=10163"}],"version-history":[{"count":4,"href":"https:\/\/www.masreservas.net\/es\/wp-json\/wp\/v2\/pages\/10163\/revisions"}],"predecessor-version":[{"id":10318,"href":"https:\/\/www.masreservas.net\/es\/wp-json\/wp\/v2\/pages\/10163\/revisions\/10318"}],"wp:attachment":[{"href":"https:\/\/www.masreservas.net\/es\/wp-json\/wp\/v2\/media?parent=10163"}],"curies":[{"name":"wp","href":"https:\/\/api.w.org\/{rel}","templated":true}]}}