{"id":10169,"date":"2023-08-15T19:46:50","date_gmt":"2023-08-15T19:46:50","guid":{"rendered":"https:\/\/www.masreservas.net\/?page_id=10169"},"modified":"2023-12-03T21:33:58","modified_gmt":"2023-12-03T21:33:58","slug":"impressum-2","status":"publish","type":"page","link":"https:\/\/www.masreservas.net\/es\/impressum-2\/","title":{"rendered":"Aviso legal"},"content":{"rendered":"<section class=\"wpb-content-wrapper\"><div class=\"vc_row wpb_row vc_row-fluid vc_custom_1690573570367 vc_row-has-fill\"><div class=\"wpb_column vc_column_container vc_col-sm-12\"><div class=\"vc_column-inner\"><div class=\"wpb_wrapper\"><div id=\"ultimate-heading-701169f273ce2180b\" class=\"uvc-heading ult-adjust-bottom-margin ultimate-heading-701169f273ce2180b uvc-4031\" data-hspacer=\"no_spacer\"  data-halign=\"center\" style=\"text-align:center\"><div class=\"uvc-heading-spacer no_spacer\" style=\"top\"><\/div><div class=\"uvc-main-heading ult-responsive\"  data-ultimate-target='.uvc-heading.ultimate-heading-701169f273ce2180b h2'  data-responsive-json-new='{\"font-size\":\"desktop:60px;\",\"line-height\":\"desktop:70px;\"}' ><h2 style=\"font-family:&#039;Raleway&#039;;--font-weight:theme;margin-bottom:25px;\">Aviso legal<\/h2><\/div><\/div><\/div><\/div><\/div><\/div><!-- Row Backgrounds --><div class=\"upb_color\" data-bg-override=\"ex-full\" data-bg-color=\"#cec4bd\" data-fadeout=\"\" data-fadeout-percentage=\"30\" data-parallax-content=\"\" data-parallax-content-sense=\"30\" data-row-effect-mobile-disable=\"true\" data-img-parallax-mobile-disable=\"true\" data-rtl=\"false\"  data-custom-vc-row=\"\"  data-vc=\"6.10.0\"  data-is_old_vc=\"\"  data-theme-support=\"\"   data-overlay=\"false\" data-overlay-color=\"\" data-overlay-pattern=\"\" data-overlay-pattern-opacity=\"\" data-overlay-pattern-size=\"\"    ><\/div><div class=\"vc_row wpb_row vc_row-fluid vc_custom_1691884612256 vc_row-has-fill\"><div class=\"wpb_column vc_column_container vc_col-sm-12\"><div class=\"vc_column-inner\"><div class=\"wpb_wrapper\"><div id=\"ultimate-heading-401669f273ce21bc1\" class=\"uvc-heading ult-adjust-bottom-margin ultimate-heading-401669f273ce21bc1 uvc-3099  uvc-heading-default-font-sizes\" data-hspacer=\"no_spacer\"  data-halign=\"left\" style=\"text-align:left\"><div class=\"uvc-heading-spacer no_spacer\" style=\"top\"><\/div><div class=\"uvc-sub-heading ult-responsive\"  data-ultimate-target='.uvc-heading.ultimate-heading-401669f273ce21bc1 .uvc-sub-heading '  data-responsive-json-new='{\"font-size\":\"\",\"line-height\":\"\"}'  style=\"font-family:&#039;Raleway&#039;;font-weight:normal;\"><strong>Empresa: MasReservas<\/strong> Direcci\u00f3n: QGG6+9V7, calle 5 Ciudad: Sosua C\u00f3digo Postal: 57000 Rep\u00fablica Dominicana<\/p>\n<p class=\" translation-block\"><strong>Contacto:<\/strong> Email: info@masreservas.net Tel\u00e9fono: <i class=\"fa-fw icomoon-the7-font-the7-phone-04\"><\/i>+1 (809) 885- 9720<\/p>\n<p class=\" translation-block\"><strong>Representado por:<\/strong> Nombre: Alberto Aragone Cargo: Copropietario MasReserva, Jefe de Ventas<\/p>\n<p class=\" translation-block\"><strong>Responsable del Contenido (seg\u00fan Ley No. 172-13):<\/strong> Nombre: Alberto Aragone Direcci\u00f3n: QGG6+9V7 Ciudad: Sosua C\u00f3digo Postal: 57000 Rep\u00fablica Dominicana<\/p>\n<p class=\" translation-block\"><strong>Registro Mercantil (si corresponde):<\/strong> N\u00famero de registro: [En curso] Tribunal de registro: [Tribunal de registro] Direcci\u00f3n del tribunal de registro: [Direcci\u00f3n del tribunal de registro]<\/p>\n<p class=\" translation-block\"><strong>N\u00famero de identificaci\u00f3n fiscal (si corresponde):<\/strong> N\u00famero de identificaci\u00f3n fiscal: [En proceso]<\/p>\n<p class=\" translation-block\"><strong>Plataforma de resoluci\u00f3n de disputas en l\u00ednea (ODR) (si corresponde):<\/strong> En caso de disputas, la Comisi\u00f3n Europea proporciona una plataforma de resoluci\u00f3n de disputas en l\u00ednea (ODR), que puede encontrar en <a href=\"https:\/ \/ec.europa.eu\/consumers\/odr\/\" target=\"_new\" rel=\"noopener\">https:\/\/ec.europa.eu\/consumers\/odr\/<\/a>. No estamos obligados ni dispuestos a participar en procedimientos de resoluci\u00f3n de disputas ante una junta de arbitraje de consumidores.<\/p>\n<p class=\" translation-block\"><strong>Descargo de responsabilidad legal:<\/strong> Los contenidos de este sitio web se crearon con mucho cuidado y atenci\u00f3n. Sin embargo, no podemos asumir ninguna responsabilidad por la exactitud, integridad o actualidad del contenido. Como proveedor de servicios, somos responsables de nuestro propio contenido en estas p\u00e1ginas de acuerdo con las leyes generales de conformidad con el art\u00edculo 55 Abs. 2 de la Ley N\u00b0 172-13 sobre Comercio Electr\u00f3nico, Documentos y Firmas Digitales. Sin embargo, de conformidad con los Art\u00edculos 8 a 10 de la Ley No. 172-13, como proveedor de servicios, no estamos obligados a monitorear la informaci\u00f3n de terceros transmitida o almacenada, ni a investigar circunstancias que indiquen actividad ilegal. Las obligaciones de eliminar o bloquear el uso de informaci\u00f3n bajo las leyes generales no se ver\u00e1n afectadas. No obstante, la responsabilidad en este sentido s\u00f3lo es posible desde el momento del conocimiento de una infracci\u00f3n concreta. Si nos enteramos de tales violaciones legales, eliminaremos el contenido en cuesti\u00f3n de inmediato.<\/p>\n<p class=\" translation-block\"><strong>Derechos de autor:<\/strong> El contenido y las obras creadas por el operador del sitio en estas p\u00e1ginas est\u00e1n sujetos a la ley de derechos de autor de la Rep\u00fablica Dominicana. La duplicaci\u00f3n, el procesamiento, la distribuci\u00f3n o cualquier forma de comercializaci\u00f3n de dicho material m\u00e1s all\u00e1 del alcance de la ley de derechos de autor requerir\u00e1 el consentimiento previo por escrito de su respectivo autor o creador. Las descargas y copias de este sitio solo est\u00e1n permitidas para uso privado y no comercial. En la medida en que el contenido de este sitio no haya sido creado por el operador, se respetan los derechos de autor de terceros. En particular, el contenido de terceros est\u00e1 marcado como tal. No obstante, si se entera de una infracci\u00f3n de derechos de autor, inf\u00f3rmenos en consecuencia. Si nos damos cuenta de alguna infracci\u00f3n, eliminaremos dicho contenido de inmediato.<\/p>\n<p><strong>Fecha:<\/strong> 15.08.2023<\/p>\n<p>Aseg\u00farese de adaptar la plantilla proporcionada para reflejar con precisi\u00f3n la informaci\u00f3n de su empresa y alinearse con las leyes y reglamentos de la Rep\u00fablica Dominicana.<\/div><\/div><\/div><\/div><\/div><\/div><!-- Row Backgrounds --><div class=\"upb_color\" data-bg-override=\"ex-full\" data-bg-color=\"#ffffff\" data-fadeout=\"\" data-fadeout-percentage=\"30\" data-parallax-content=\"\" data-parallax-content-sense=\"30\" data-row-effect-mobile-disable=\"true\" data-img-parallax-mobile-disable=\"true\" data-rtl=\"false\"  data-custom-vc-row=\"\"  data-vc=\"6.10.0\"  data-is_old_vc=\"\"  data-theme-support=\"\"   data-overlay=\"false\" data-overlay-color=\"\" data-overlay-pattern=\"\" data-overlay-pattern-opacity=\"\" data-overlay-pattern-size=\"\"    ><\/div>\n<\/section>","protected":false},"excerpt":{"rendered":"<p>ImpressumCompany: MasReservas Address: QGG6+9V7, calle 5 City: Sosua Postal Code: 57000 Dominican Republic Contact: Email: info@masreservas.net Phone: +1 (809) 885-9720 Represented by: Name: Alberto Aragone Position: Co-Owner MasReserva, Head of Sales Responsible for Content (according to Law No. 172-13): Name: Alberto Aragone Address: QGG6+9V7 City: Sosua Postal Code: 57000 Dominican Republic Commercial Register (if applicable):&hellip;<\/p>","protected":false},"author":11,"featured_media":0,"parent":0,"menu_order":30,"comment_status":"closed","ping_status":"closed","template":"","meta":{"footnotes":""},"class_list":["post-10169","page","type-page","status-publish","hentry","description-off"],"_links":{"self":[{"href":"https:\/\/www.masreservas.net\/es\/wp-json\/wp\/v2\/pages\/10169"}],"collection":[{"href":"https:\/\/www.masreservas.net\/es\/wp-json\/wp\/v2\/pages"}],"about":[{"href":"https:\/\/www.masreservas.net\/es\/wp-json\/wp\/v2\/types\/page"}],"author":[{"embeddable":true,"href":"https:\/\/www.masreservas.net\/es\/wp-json\/wp\/v2\/users\/11"}],"replies":[{"embeddable":true,"href":"https:\/\/www.masreservas.net\/es\/wp-json\/wp\/v2\/comments?post=10169"}],"version-history":[{"count":4,"href":"https:\/\/www.masreservas.net\/es\/wp-json\/wp\/v2\/pages\/10169\/revisions"}],"predecessor-version":[{"id":10319,"href":"https:\/\/www.masreservas.net\/es\/wp-json\/wp\/v2\/pages\/10169\/revisions\/10319"}],"wp:attachment":[{"href":"https:\/\/www.masreservas.net\/es\/wp-json\/wp\/v2\/media?parent=10169"}],"curies":[{"name":"wp","href":"https:\/\/api.w.org\/{rel}","templated":true}]}}