{"id":2,"date":"2016-02-05T19:13:20","date_gmt":"2016-02-05T19:13:20","guid":{"rendered":"https:\/\/the7.io\/marketing-agency\/?page_id=2"},"modified":"2023-12-03T21:33:37","modified_gmt":"2023-12-03T21:33:37","slug":"digital-health-check","status":"publish","type":"page","link":"https:\/\/www.masreservas.net\/es\/services\/digital-health-check\/","title":{"rendered":"Comprobaci\u00f3n de salud digital"},"content":{"rendered":"<section class=\"wpb-content-wrapper\"><div class=\"vc_row wpb_row vc_row-fluid vc_custom_1690310097381 vc_row-o-equal-height vc_row-o-content-middle vc_row-flex\"><div class=\"wpb_column vc_column_container vc_col-sm-12\"><div class=\"vc_column-inner\"><div class=\"wpb_wrapper\"><div id=\"ultimate-heading-726269f2737ab639c\" class=\"uvc-heading ult-adjust-bottom-margin ultimate-heading-726269f2737ab639c uvc-1439\" data-hspacer=\"no_spacer\"  data-halign=\"center\" style=\"text-align:center\"><div class=\"uvc-heading-spacer no_spacer\" style=\"top\"><\/div><div class=\"uvc-main-heading ult-responsive\"  data-ultimate-target='.uvc-heading.ultimate-heading-726269f2737ab639c h2'  data-responsive-json-new='{\"font-size\":\"desktop:60px;\",\"line-height\":\"desktop:70px;\"}' ><h2 style=\"font-family:&#039;Raleway&#039;;font-weight:bold;margin-bottom:35px;\">Comprobaci\u00f3n de salud digital<\/h2><\/div><div class=\"uvc-sub-heading ult-responsive\"  data-ultimate-target='.uvc-heading.ultimate-heading-726269f2737ab639c .uvc-sub-heading '  data-responsive-json-new='{\"font-size\":\"desktop:20px;\",\"line-height\":\"desktop:32px;\"}'  style=\"font-family:&#039;Raleway&#039;;font-weight:normal;margin-bottom:35px;\">Evaluamos el desempe\u00f1o en l\u00ednea de su hotel a trav\u00e9s de una revisi\u00f3n exhaustiva de su sitio web y presencia en las redes sociales. Identifique las debilidades y descubra oportunidades de mejora, ayudando a que su hotel destaque en l\u00ednea y atraiga m\u00e1s reservas directas.<\/div><\/div><\/div><\/div><\/div><\/div><div class=\"vc_row wpb_row vc_row-fluid vc_custom_1690320734285 vc_row-has-fill vc_row-o-content-middle vc_row-flex\"><div class=\"wpb_column vc_column_container vc_col-sm-6\"><div class=\"vc_column-inner\"><div class=\"wpb_wrapper\"><div class=\"aio-icon-component  vc_custom_1690317466662  color-title accent-icon-bg style_1\"><div id=\"Info-box-wrap-6030\" class=\"aio-icon-box left-icon\" style=\"\"  ><div class=\"aio-icon-left\"><div class=\"ult-just-icon-wrapper\"><div class=\"align-icon\" style=\"text-align:center;\">\n<div class=\"aio-icon circle\"  style=\"color:#ffffff;background:#70665e;font-size:36px;display:inline-block;\">\n\t<i class=\"fas fa-search-plus\"><\/i>\n<\/div><\/div><\/div><\/div><div class=\"aio-ibd-block\"><div class=\"aio-icon-header\" ><h3 class=\"aio-icon-title ult-responsive\"  data-ultimate-target='#Info-box-wrap-6030 .aio-icon-title'  data-responsive-json-new='{\"font-size\":\"desktop:24px;\",\"line-height\":\"desktop:34px;\"}'  style=\"font-family:&#039;Raleway&#039;;font-weight:bold;\">An\u00e1lisis y Optimizaci\u00f3n de Sitios Web<\/h3><\/div> <!-- header --><\/div> <!-- aio-ibd-block --><\/div> <!-- aio-icon-box --><\/div> <!-- aio-icon-component -->\n\t<div class=\"wpb_text_column wpb_content_element\" >\n\t\t<div class=\"wpb_wrapper\">\n\t\t\t<p>Realice una revisi\u00f3n en profundidad del sitio web de su hotel, analizando su dise\u00f1o, contenido, experiencia de usuario y visibilidad en los motores de b\u00fasqueda. Identifique \u00e1reas de mejora e implemente optimizaciones para mejorar su rendimiento general y atraer a los hu\u00e9spedes potenciales.<\/p>\n\n\t\t<\/div>\n\t<\/div>\n<div class=\"aio-icon-component  vc_custom_1690317569533  color-title accent-icon-bg style_1\"><div id=\"Info-box-wrap-5181\" class=\"aio-icon-box left-icon\" style=\"\"  ><div class=\"aio-icon-left\"><div class=\"ult-just-icon-wrapper\"><div class=\"align-icon\" style=\"text-align:center;\">\n<div class=\"aio-icon circle\"  style=\"color:#ffffff;background:#70665e;font-size:36px;display:inline-block;\">\n\t<i class=\"fas fa-tasks\"><\/i>\n<\/div><\/div><\/div><\/div><div class=\"aio-ibd-block\"><div class=\"aio-icon-header\" ><h3 class=\"aio-icon-title ult-responsive\"  data-ultimate-target='#Info-box-wrap-5181 .aio-icon-title'  data-responsive-json-new='{\"font-size\":\"desktop:24px;\",\"line-height\":\"desktop:34px;\"}'  style=\"font-family:&#039;Raleway&#039;;font-weight:bold;\">Auditor\u00eda y estrategia de redes sociales<\/h3><\/div> <!-- header --><\/div> <!-- aio-ibd-block --><\/div> <!-- aio-icon-box --><\/div> <!-- aio-icon-component -->\n\t<div class=\"wpb_text_column wpb_content_element\" >\n\t\t<div class=\"wpb_wrapper\">\n\t\t\t<p>Eval\u00fae la presencia en las redes sociales de su hotel en varias plataformas. Identifique las fortalezas y debilidades de su estrategia actual y desarrolle un plan de redes sociales personalizado para aumentar el compromiso, llegar a una audiencia m\u00e1s amplia e impulsar las reservas directas.<\/p>\n\n\t\t<\/div>\n\t<\/div>\n<div class=\"aio-icon-component    style_1\"><div id=\"Info-box-wrap-9850\" class=\"aio-icon-box default-icon\" style=\"\"  ><\/div> <!-- aio-icon-box --><\/div> <!-- aio-icon-component --><\/div><\/div><\/div><div class=\"wpb_column vc_column_container vc_col-sm-6\"><div class=\"vc_column-inner\"><div class=\"wpb_wrapper\"><div class=\"aio-icon-component  vc_custom_1690317413606  color-title accent-icon-bg style_1\"><div id=\"Info-box-wrap-5845\" class=\"aio-icon-box left-icon\" style=\"\"  ><div class=\"aio-icon-left\"><div class=\"ult-just-icon-wrapper\"><div class=\"align-icon\" style=\"text-align:center;\">\n<div class=\"aio-icon circle\"  style=\"color:#ffffff;background:#70665e;font-size:36px;display:inline-block;\">\n\t<i class=\"fas fa-search\"><\/i>\n<\/div><\/div><\/div><\/div><div class=\"aio-ibd-block\"><div class=\"aio-icon-header\" ><h3 class=\"aio-icon-title ult-responsive\"  data-ultimate-target='#Info-box-wrap-5845 .aio-icon-title'  data-responsive-json-new='{\"font-size\":\"desktop:24px;\",\"line-height\":\"desktop:34px;\"}'  style=\"font-family:&#039;Raleway&#039;;font-weight:bold;\">An\u00e1lisis de la competencia<\/h3><\/div> <!-- header --><\/div> <!-- aio-ibd-block --><\/div> <!-- aio-icon-box --><\/div> <!-- aio-icon-component -->\n\t<div class=\"wpb_text_column wpb_content_element\" >\n\t\t<div class=\"wpb_wrapper\">\n\t\t\t<p>Investigue y analice la presencia en l\u00ednea y las estrategias de competidores clave en su industria. Identifique t\u00e1cticas exitosas y \u00e1reas en las que su hotel pueda diferenciarse, permiti\u00e9ndole obtener una ventaja competitiva y atraer m\u00e1s hu\u00e9spedes a su sitio web.<\/p>\n\n\t\t<\/div>\n\t<\/div>\n<div class=\"aio-icon-component  vc_custom_1690400911911  color-title accent-icon-bg style_1\"><div id=\"Info-box-wrap-3418\" class=\"aio-icon-box left-icon\" style=\"\"  ><div class=\"aio-icon-left\"><div class=\"ult-just-icon-wrapper\"><div class=\"align-icon\" style=\"text-align:center;\">\n<div class=\"aio-icon circle\"  style=\"color:#ffffff;background:#70665e;font-size:36px;display:inline-block;\">\n\t<i class=\"dt-icon-the7-refresh-07\"><\/i>\n<\/div><\/div><\/div><\/div><div class=\"aio-ibd-block\"><div class=\"aio-icon-header\" ><h3 class=\"aio-icon-title ult-responsive\"  data-ultimate-target='#Info-box-wrap-3418 .aio-icon-title'  data-responsive-json-new='{\"font-size\":\"desktop:24px;\",\"line-height\":\"desktop:34px;\"}'  style=\"font-family:&#039;Raleway&#039;;font-weight:bold;\">Optimizaci\u00f3n de la tasa de conversi\u00f3n<\/h3><\/div> <!-- header --><\/div> <!-- aio-ibd-block --><\/div> <!-- aio-icon-box --><\/div> <!-- aio-icon-component -->\n\t<div class=\"wpb_text_column wpb_content_element\" >\n\t\t<div class=\"wpb_wrapper\">\n\t\t\t<p>Implemente t\u00e9cnicas para mejorar la tasa de conversi\u00f3n en su sitio web, convirtiendo a m\u00e1s visitantes del sitio web en reservas directas. Realice pruebas A\/B, optimice los botones de llamada a la acci\u00f3n y mejore el proceso de reserva para aumentar la eficacia de su sistema de reserva en l\u00ednea.<\/p>\n\n\t\t<\/div>\n\t<\/div>\n<\/div><\/div><\/div><\/div><!-- Row Backgrounds --><div class=\"upb_color\" data-bg-override=\"ex-full\" data-bg-color=\"#ffffff\" data-fadeout=\"\" data-fadeout-percentage=\"30\" data-parallax-content=\"\" data-parallax-content-sense=\"30\" data-row-effect-mobile-disable=\"true\" data-img-parallax-mobile-disable=\"true\" data-rtl=\"false\"  data-custom-vc-row=\"\"  data-vc=\"6.10.0\"  data-is_old_vc=\"\"  data-theme-support=\"\"   data-overlay=\"false\" data-overlay-color=\"\" data-overlay-pattern=\"\" data-overlay-pattern-opacity=\"\" data-overlay-pattern-size=\"\"    ><\/div><div class=\"vc_row wpb_row vc_row-fluid vc_custom_1690318597464 vc_row-has-fill vc_row-o-equal-height vc_row-o-content-middle vc_row-flex\"><div class=\"wpb_column vc_column_container vc_col-sm-12\"><div class=\"vc_column-inner\"><div class=\"wpb_wrapper\"><style type=\"text\/css\" data-type=\"the7_shortcodes-inline-css\">#default-btn-d481a88d87fca4e0792337c39b526aad.ico-right-side > i {\n  margin-right: 0px;\n  margin-left: 8px;\n}\n#default-btn-d481a88d87fca4e0792337c39b526aad > i {\n  margin-right: 8px;\n}\n<\/style><div class=\"btn-align-center\"><a href=\"https:\/\/www.masreservas.net\/es\/service-packages\/\" class=\"default-btn-shortcode dt-btn dt-btn-m link-hover-off  vc_custom_1690646553602\" target=\"_blank\" id=\"default-btn-d481a88d87fca4e0792337c39b526aad\" title=\"paquetes-de-servicios\" rel=\"noopener\"><span>Consulta nuestros Precios<\/span><\/a><\/div><\/div><\/div><\/div><\/div><!-- Row Backgrounds --><div class=\"upb_color\" data-bg-override=\"ex-full\" data-bg-color=\"#ffffff\" data-fadeout=\"\" data-fadeout-percentage=\"30\" data-parallax-content=\"\" data-parallax-content-sense=\"30\" data-row-effect-mobile-disable=\"true\" data-img-parallax-mobile-disable=\"true\" data-rtl=\"false\"  data-custom-vc-row=\"\"  data-vc=\"6.10.0\"  data-is_old_vc=\"\"  data-theme-support=\"\"   data-overlay=\"false\" data-overlay-color=\"\" data-overlay-pattern=\"\" data-overlay-pattern-opacity=\"\" data-overlay-pattern-size=\"\"    ><\/div>\n<\/section>","protected":false},"excerpt":{"rendered":"<p>Digital Health CheckWe Evaluate your hotel&#8217;s online performance through a thorough review of your website and social media presence. Identify weaknesses and discover opportunities for improvement, helping your hotel stand out online and attract more direct bookings. Website Analysis and Optimization Conduct an in-depth review of your hotel&#8217;s website, analyzing its design, content, user experience,&hellip;<\/p>","protected":false},"author":11,"featured_media":0,"parent":47,"menu_order":10,"comment_status":"closed","ping_status":"closed","template":"","meta":{"footnotes":""},"class_list":["post-2","page","type-page","status-publish","hentry","description-off"],"_links":{"self":[{"href":"https:\/\/www.masreservas.net\/es\/wp-json\/wp\/v2\/pages\/2"}],"collection":[{"href":"https:\/\/www.masreservas.net\/es\/wp-json\/wp\/v2\/pages"}],"about":[{"href":"https:\/\/www.masreservas.net\/es\/wp-json\/wp\/v2\/types\/page"}],"author":[{"embeddable":true,"href":"https:\/\/www.masreservas.net\/es\/wp-json\/wp\/v2\/users\/11"}],"replies":[{"embeddable":true,"href":"https:\/\/www.masreservas.net\/es\/wp-json\/wp\/v2\/comments?post=2"}],"version-history":[{"count":29,"href":"https:\/\/www.masreservas.net\/es\/wp-json\/wp\/v2\/pages\/2\/revisions"}],"predecessor-version":[{"id":10328,"href":"https:\/\/www.masreservas.net\/es\/wp-json\/wp\/v2\/pages\/2\/revisions\/10328"}],"up":[{"embeddable":true,"href":"https:\/\/www.masreservas.net\/es\/wp-json\/wp\/v2\/pages\/47"}],"wp:attachment":[{"href":"https:\/\/www.masreservas.net\/es\/wp-json\/wp\/v2\/media?parent=2"}],"curies":[{"name":"wp","href":"https:\/\/api.w.org\/{rel}","templated":true}]}}