{"id":47,"date":"2016-02-07T10:02:50","date_gmt":"2016-02-07T10:02:50","guid":{"rendered":"https:\/\/the7.io\/marketing-agency\/?page_id=47"},"modified":"2023-12-03T21:33:29","modified_gmt":"2023-12-03T21:33:29","slug":"services","status":"publish","type":"page","link":"https:\/\/www.masreservas.net\/es\/services\/","title":{"rendered":"Servicio"},"content":{"rendered":"<section class=\"wpb-content-wrapper\"><div class=\"vc_row wpb_row vc_row-fluid vc_custom_1692301897491 vc_row-o-equal-height vc_row-o-content-middle vc_row-flex\"><div class=\"wpb_column vc_column_container vc_col-sm-12\"><div class=\"vc_column-inner\"><div class=\"wpb_wrapper\"><div id=\"ultimate-heading-588969f2648d49027\" class=\"uvc-heading ult-adjust-bottom-margin ultimate-heading-588969f2648d49027 uvc-2911\" data-hspacer=\"no_spacer\"  data-halign=\"center\" style=\"text-align:center\"><div class=\"uvc-heading-spacer no_spacer\" style=\"top\"><\/div><div class=\"uvc-main-heading ult-responsive\"  data-ultimate-target='.uvc-heading.ultimate-heading-588969f2648d49027 h2'  data-responsive-json-new='{\"font-size\":\"desktop:60px;\",\"line-height\":\"desktop:70px;\"}' ><h2 style=\"font-family:&#039;Raleway&#039;;font-weight:700;color:#70665e;margin-bottom:35px;\">Nuestros servicios<\/h2><\/div><\/div><div class=\"vc_row wpb_row vc_inner vc_row-fluid\"><div class=\"wpb_column vc_column_container vc_col-sm-6\"><div class=\"vc_column-inner\"><div class=\"wpb_wrapper\"><div id=\"ultimate-heading-52569f2648d4923e\" class=\"uvc-heading ult-adjust-bottom-margin ultimate-heading-52569f2648d4923e uvc-9356  uvc-heading-default-font-sizes\" data-hspacer=\"no_spacer\"  data-halign=\"left\" style=\"text-align:left\"><div class=\"uvc-heading-spacer no_spacer\" style=\"top\"><\/div><div class=\"uvc-sub-heading ult-responsive\"  data-ultimate-target='.uvc-heading.ultimate-heading-52569f2648d4923e .uvc-sub-heading '  data-responsive-json-new='{\"font-size\":\"desktop:18px;\",\"line-height\":\"desktop:30px;\"}'  style=\"font-family:&#039;Raleway&#039;;font-weight:normal;color:#70665e;\">Libere el verdadero potencial de la presencia en l\u00ednea de su hotel aprovechando el poder de nuestra amplia gama de servicios digitales de vanguardia. Nuestra misi\u00f3n es revolucionar su visibilidad en l\u00ednea, impulsar las reservas directas y liberar su<\/div><\/div><\/div><\/div><\/div><div class=\"wpb_column vc_column_container vc_col-sm-6\"><div class=\"vc_column-inner\"><div class=\"wpb_wrapper\"><div id=\"ultimate-heading-50269f2648d49303\" class=\"uvc-heading ult-adjust-bottom-margin ultimate-heading-50269f2648d49303 uvc-3604  uvc-heading-default-font-sizes\" data-hspacer=\"no_spacer\"  data-halign=\"left\" style=\"text-align:left\"><div class=\"uvc-heading-spacer no_spacer\" style=\"top\"><\/div><div class=\"uvc-sub-heading ult-responsive\"  data-ultimate-target='.uvc-heading.ultimate-heading-50269f2648d49303 .uvc-sub-heading '  data-responsive-json-new='{\"font-size\":\"desktop:18px;\",\"line-height\":\"desktop:30px;\"}'  style=\"font-family:&#039;Raleway&#039;;font-weight:normal;color:#70665e;\">negocio de la dependencia de plataformas de terceros. Con un cat\u00e1logo completo de soluciones dise\u00f1adas para satisfacer las necesidades espec\u00edficas de su hotel, nuestro objetivo es impulsar su establecimiento a nuevas alturas en el panorama digital en constante evoluci\u00f3n.<\/div><\/div><\/div><\/div><\/div><\/div><\/div><\/div><\/div><\/div><div class=\"vc_row wpb_row vc_row-fluid vc_custom_1690310465004 vc_row-has-fill vc_row-o-full-height vc_row-o-columns-top vc_row-o-equal-height vc_row-o-content-middle vc_row-flex\"><div class=\"wpb_column vc_column_container vc_col-sm-12 vc_hidden-sm vc_hidden-xs\"><div class=\"vc_column-inner vc_custom_1491752644250\"><div class=\"wpb_wrapper\"><div class=\"aio-icon-component  vc_custom_1690316997448  color-title accent-icon-bg style_1\"><div id=\"Info-box-wrap-9551\" class=\"aio-icon-box left-icon\" style=\"\"  ><div class=\"aio-icon-left\"><div class=\"ult-just-icon-wrapper\"><div class=\"align-icon\" style=\"text-align:center;\">\n<div class=\"aio-icon advanced\"  style=\"color:#ffffff;background:#70665e;border-style:;border-color:#333333;border-width:1px;width:80px;height:80px;line-height:80px;border-radius:500px;font-size:36px;display:inline-block;\">\n\t<i class=\"fas fa-stethoscope\"><\/i>\n<\/div><\/div><\/div><\/div><div class=\"aio-ibd-block\"><div class=\"aio-icon-header\" ><h3 class=\"aio-icon-title ult-responsive\"  data-ultimate-target='#Info-box-wrap-9551 .aio-icon-title'  data-responsive-json-new='{\"font-size\":\"desktop:24px;\",\"line-height\":\"desktop:34px;\"}'  style=\"font-family:&#039;Raleway&#039;;font-weight:bold;\">Comprobaci\u00f3n de salud digital<\/h3><\/div> <!-- header --><\/div> <!-- aio-ibd-block --><\/div> <!-- aio-icon-box --><\/div> <!-- aio-icon-component -->\n\t<div class=\"wpb_text_column wpb_content_element  vc_custom_1690240495820\" >\n\t\t<div class=\"wpb_wrapper\">\n\t\t\t<p>Con nuestra evaluaci\u00f3n en profundidad del rendimiento en l\u00ednea de su hotel, allanamos el camino para mejoras estrat\u00e9gicas que maximizar\u00e1n su \u00e9xito en la competitiva industria hotelera.<\/p>\n\n\t\t<\/div>\n\t<\/div>\n<style type=\"text\/css\" data-type=\"the7_shortcodes-inline-css\">#default-btn-e52b06c1e7343843bf6f2e78890bd46c.ico-right-side > i {\n  margin-right: 0px;\n  margin-left: 8px;\n}\n#default-btn-e52b06c1e7343843bf6f2e78890bd46c > i {\n  margin-right: 8px;\n}\n<\/style><a href=\"https:\/\/www.masreservas.net\/es\/services\/digital-health-check\/\" class=\"default-btn-shortcode dt-btn dt-btn-m link-hover-off btn-inline-left\" target=\"_blank\" id=\"default-btn-e52b06c1e7343843bf6f2e78890bd46c\" title=\"control de salud digital\" rel=\"noopener\"><span>Descubrir m\u00e1s<\/span><\/a><style type=\"text\/css\" data-type=\"the7_shortcodes-inline-css\">.shortcode-single-image-wrap.shortcode-single-image-68e7150e4388a5c2950aff07e1487d64.enable-bg-rollover .rollover i,\n.shortcode-single-image-wrap.shortcode-single-image-68e7150e4388a5c2950aff07e1487d64.enable-bg-rollover .rollover-video i {\n  background: -webkit-linear-gradient();\n  background: linear-gradient();\n}\n.shortcode-single-image-wrap.shortcode-single-image-68e7150e4388a5c2950aff07e1487d64 .rollover-icon {\n  font-size: 32px;\n  color: #ffffff;\n  min-width: 44px;\n  min-height: 44px;\n  line-height: 44px;\n  border-radius: 100px;\n  border-style: solid;\n  border-width: 0px;\n}\n.dt-icon-bg-on.shortcode-single-image-wrap.shortcode-single-image-68e7150e4388a5c2950aff07e1487d64 .rollover-icon {\n  background: rgba(255,255,255,0.3);\n  box-shadow: none;\n}\n<\/style><\/div><\/div><\/div><div class=\"wpb_column vc_column_container vc_col-sm-12\"><div class=\"vc_column-inner vc_custom_1491687100695\"><div class=\"wpb_wrapper\"><div class=\"aio-icon-component  vc_custom_1690316154557  color-title accent-icon-bg style_1\"><div id=\"Info-box-wrap-8279\" class=\"aio-icon-box left-icon\" style=\"\"  ><div class=\"aio-icon-left\"><div class=\"ult-just-icon-wrapper\"><div class=\"align-icon\" style=\"text-align:center;\">\n<div class=\"aio-icon advanced\"  style=\"color:#ffffff;border-style:;border-color:#333333;border-width:1px;width:80px;height:80px;line-height:80px;border-radius:500px;font-size:34px;display:inline-block;\">\n\t<i class=\"icomoon-feather-24x24-bar-graph\"><\/i>\n<\/div><\/div><\/div><\/div><div class=\"aio-ibd-block\"><div class=\"aio-icon-header\" ><h3 class=\"aio-icon-title ult-responsive\"  data-ultimate-target='#Info-box-wrap-8279 .aio-icon-title'  data-responsive-json-new='{\"font-size\":\"desktop:24px;\",\"line-height\":\"desktop:34px;\"}'  style=\"font-family:&#039;Raleway&#039;;font-weight:bold;\">Mejora del sitio web<\/h3><\/div> <!-- header --><\/div> <!-- aio-ibd-block --><\/div> <!-- aio-icon-box --><\/div> <!-- aio-icon-component -->\n\t<div class=\"wpb_text_column wpb_content_element  vc_custom_1690240555871\" >\n\t\t<div class=\"wpb_wrapper\">\n\t\t\t<p>Al combinar contenido atractivo, dise\u00f1o contempor\u00e1neo, im\u00e1genes de alta calidad y navegaci\u00f3n f\u00e1cil de usar, transformamos su sitio web en un poderoso im\u00e1n de reservas que cautiva a los visitantes y aumenta sus reservas.<\/p>\n\n\t\t<\/div>\n\t<\/div>\n<style type=\"text\/css\" data-type=\"the7_shortcodes-inline-css\">#default-btn-06327596b3ff911680ce773cb5010048.ico-right-side > i {\n  margin-right: 0px;\n  margin-left: 8px;\n}\n#default-btn-06327596b3ff911680ce773cb5010048 > i {\n  margin-right: 8px;\n}\n<\/style><a href=\"https:\/\/www.masreservas.net\/es\/services\/website-enhencement\/\" class=\"default-btn-shortcode dt-btn dt-btn-m link-hover-off btn-inline-left\" target=\"_blank\" id=\"default-btn-06327596b3ff911680ce773cb5010048\" title=\"mejora-del-sitio-web\" rel=\"noopener\"><span>Descubrir m\u00e1s<\/span><\/a><\/div><\/div><\/div><\/div><!-- Row Backgrounds --><div class=\"upb_color\" data-bg-override=\"ex-full\" data-bg-color=\"#ffffff\" data-fadeout=\"\" data-fadeout-percentage=\"30\" data-parallax-content=\"\" data-parallax-content-sense=\"30\" data-row-effect-mobile-disable=\"true\" data-img-parallax-mobile-disable=\"true\" data-rtl=\"false\"  data-custom-vc-row=\"\"  data-vc=\"6.10.0\"  data-is_old_vc=\"\"  data-theme-support=\"\"   data-overlay=\"false\" data-overlay-color=\"\" data-overlay-pattern=\"\" data-overlay-pattern-opacity=\"\" data-overlay-pattern-size=\"\"    ><\/div><div class=\"vc_row wpb_row vc_row-fluid vc_custom_1690310497036 vc_row-has-fill vc_row-o-equal-height vc_row-o-content-top vc_row-flex\"><div class=\"wpb_column vc_column_container vc_col-sm-12\"><div class=\"vc_column-inner vc_custom_1491687100695\"><div class=\"wpb_wrapper\"><div class=\"aio-icon-component  vc_custom_1690316170172  color-title accent-icon-bg style_1\"><div id=\"Info-box-wrap-2928\" class=\"aio-icon-box left-icon\" style=\"\"  ><div class=\"aio-icon-left\"><div class=\"ult-just-icon-wrapper\"><div class=\"align-icon\" style=\"text-align:center;\">\n<div class=\"aio-icon advanced\"  style=\"color:#ffffff;border-style:;border-color:#333333;border-width:1px;width:80px;height:80px;line-height:80px;border-radius:500px;font-size:36px;display:inline-block;\">\n\t<i class=\"fas fa-calendar\"><\/i>\n<\/div><\/div><\/div><\/div><div class=\"aio-ibd-block\"><div class=\"aio-icon-header\" ><h3 class=\"aio-icon-title ult-responsive\"  data-ultimate-target='#Info-box-wrap-2928 .aio-icon-title'  data-responsive-json-new='{\"font-size\":\"desktop:24px;\",\"line-height\":\"desktop:34px;\"}'  style=\"font-family:&#039;Raleway&#039;;font-weight:bold;\">Sistema de reservaci\u00f3n<\/h3><\/div> <!-- header --><\/div> <!-- aio-ibd-block --><\/div> <!-- aio-icon-box --><\/div> <!-- aio-icon-component -->\n\t<div class=\"wpb_text_column wpb_content_element  vc_custom_1690240918861\" >\n\t\t<div class=\"wpb_wrapper\">\n\t\t\t<p>A trav\u00e9s de la perfecta integraci\u00f3n de un sistema de reservas vinculado a las principales OTA como Booking y Airbnb, brindamos una soluci\u00f3n sin problemas para evitar reservas dobles y agilizar su proceso de reserva, ofreciendo una descripci\u00f3n centralizada para una gesti\u00f3n eficiente.<\/p>\n\n\t\t<\/div>\n\t<\/div>\n<style type=\"text\/css\" data-type=\"the7_shortcodes-inline-css\">#default-btn-a7e045c3b7b502689242be780016e293.ico-right-side > i {\n  margin-right: 0px;\n  margin-left: 8px;\n}\n#default-btn-a7e045c3b7b502689242be780016e293 > i {\n  margin-right: 8px;\n}\n<\/style><a href=\"https:\/\/www.masreservas.net\/es\/services\/reservation-system\/\" class=\"default-btn-shortcode dt-btn dt-btn-m link-hover-off btn-inline-left\" target=\"_blank\" id=\"default-btn-a7e045c3b7b502689242be780016e293\" title=\"sistema-de-reservaci\u00f3n\" rel=\"noopener\"><span>Descubrir m\u00e1s<\/span><\/a><\/div><\/div><\/div><div class=\"wpb_column vc_column_container vc_col-sm-12 vc_hidden-sm vc_hidden-xs\"><div class=\"vc_column-inner vc_custom_1491752650875\"><div class=\"wpb_wrapper\"><div class=\"aio-icon-component  vc_custom_1690316184656  color-title accent-icon-bg style_1\"><div id=\"Info-box-wrap-2507\" class=\"aio-icon-box left-icon\" style=\"\"  ><div class=\"aio-icon-left\"><div class=\"ult-just-icon-wrapper\"><div class=\"align-icon\" style=\"text-align:center;\">\n<div class=\"aio-icon advanced\"  style=\"color:#ffffff;border-style:;border-color:#333333;border-width:1px;width:80px;height:80px;line-height:80px;border-radius:500px;font-size:36px;display:inline-block;\">\n\t<i class=\"fas fa-chart-line\"><\/i>\n<\/div><\/div><\/div><\/div><div class=\"aio-ibd-block\"><div class=\"aio-icon-header\" ><h3 class=\"aio-icon-title ult-responsive\"  data-ultimate-target='#Info-box-wrap-2507 .aio-icon-title'  data-responsive-json-new='{\"font-size\":\"desktop:24px;\",\"line-height\":\"desktop:34px;\"}'  style=\"font-family:&#039;Raleway&#039;;font-weight:bold;\">Optimizaci\u00f3n SEO<\/h3><\/div> <!-- header --><\/div> <!-- aio-ibd-block --><\/div> <!-- aio-icon-box --><\/div> <!-- aio-icon-component -->\n\t<div class=\"wpb_text_column wpb_content_element  vc_custom_1690241365985\" >\n\t\t<div class=\"wpb_wrapper\">\n\t\t\t<p>Al implementar estrategias de SEO efectivas, mejoramos la visibilidad de su sitio web en los motores de b\u00fasqueda, generando m\u00e1s tr\u00e1fico org\u00e1nico, impulsando las reservas directas y reduciendo significativamente la dependencia de plataformas de terceros para el \u00e9xito a largo plazo.<\/p>\n\n\t\t<\/div>\n\t<\/div>\n<style type=\"text\/css\" data-type=\"the7_shortcodes-inline-css\">#default-btn-57aaf8fd4397a2e0b95af182224317aa.ico-right-side > i {\n  margin-right: 0px;\n  margin-left: 8px;\n}\n#default-btn-57aaf8fd4397a2e0b95af182224317aa > i {\n  margin-right: 8px;\n}\n<\/style><a href=\"https:\/\/www.masreservas.net\/es\/services\/seo-optimization\/\" class=\"default-btn-shortcode dt-btn dt-btn-m link-hover-off btn-inline-left\" target=\"_blank\" id=\"default-btn-57aaf8fd4397a2e0b95af182224317aa\" title=\"optimizaci\u00f3n-seo\" rel=\"noopener\"><span>Descubrir m\u00e1s<\/span><\/a><style type=\"text\/css\" data-type=\"the7_shortcodes-inline-css\">.shortcode-single-image-wrap.shortcode-single-image-a88153d8d6821091c46e42b402775508.enable-bg-rollover .rollover i,\n.shortcode-single-image-wrap.shortcode-single-image-a88153d8d6821091c46e42b402775508.enable-bg-rollover .rollover-video i {\n  background: -webkit-linear-gradient();\n  background: linear-gradient();\n}\n.shortcode-single-image-wrap.shortcode-single-image-a88153d8d6821091c46e42b402775508 .rollover-icon {\n  font-size: 32px;\n  color: #ffffff;\n  min-width: 44px;\n  min-height: 44px;\n  line-height: 44px;\n  border-radius: 100px;\n  border-style: solid;\n  border-width: 0px;\n}\n.dt-icon-bg-on.shortcode-single-image-wrap.shortcode-single-image-a88153d8d6821091c46e42b402775508 .rollover-icon {\n  background: rgba(255,255,255,0.3);\n  box-shadow: none;\n}\n<\/style><\/div><\/div><\/div><\/div><!-- Row Backgrounds --><div class=\"upb_color\" data-bg-override=\"ex-full\" data-bg-color=\"#ffffff\" data-fadeout=\"\" data-fadeout-percentage=\"30\" data-parallax-content=\"\" data-parallax-content-sense=\"30\" data-row-effect-mobile-disable=\"true\" data-img-parallax-mobile-disable=\"true\" data-rtl=\"false\"  data-custom-vc-row=\"\"  data-vc=\"6.10.0\"  data-is_old_vc=\"\"  data-theme-support=\"\"   data-overlay=\"false\" data-overlay-color=\"\" data-overlay-pattern=\"\" data-overlay-pattern-opacity=\"\" data-overlay-pattern-size=\"\"    ><\/div><div class=\"vc_row wpb_row vc_row-fluid vc_custom_1690310521314 vc_row-has-fill vc_row-o-equal-height vc_row-o-content-top vc_row-flex\"><div class=\"wpb_column vc_column_container vc_col-sm-6 vc_hidden-sm vc_hidden-xs\"><div class=\"vc_column-inner vc_custom_1690308766240\"><div class=\"wpb_wrapper\"><div class=\"aio-icon-component  vc_custom_1690316198380  color-title accent-icon-bg style_1\"><div id=\"Info-box-wrap-5571\" class=\"aio-icon-box left-icon\" style=\"\"  ><div class=\"aio-icon-left\"><div class=\"ult-just-icon-wrapper\"><div class=\"align-icon\" style=\"text-align:center;\">\n<div class=\"aio-icon advanced\"  style=\"color:#ffffff;border-style:;border-color:#333333;border-width:1px;width:80px;height:80px;line-height:80px;border-radius:500px;font-size:36px;display:inline-block;\">\n\t<i class=\"icomoon-free-social-contact-16x16-facebook\"><\/i>\n<\/div><\/div><\/div><\/div><div class=\"aio-ibd-block\"><div class=\"aio-icon-header\" ><h3 class=\"aio-icon-title ult-responsive\"  data-ultimate-target='#Info-box-wrap-5571 .aio-icon-title'  data-responsive-json-new='{\"font-size\":\"desktop:24px;\",\"line-height\":\"desktop:34px;\"}'  style=\"font-family:&#039;Raleway&#039;;font-weight:bold;\">Mejora de las redes sociales<\/h3><\/div> <!-- header --><\/div> <!-- aio-ibd-block --><\/div> <!-- aio-icon-box --><\/div> <!-- aio-icon-component -->\n\t<div class=\"wpb_text_column wpb_content_element  vc_custom_1690241058360\" >\n\t\t<div class=\"wpb_wrapper\">\n\t\t\t<p>Nuestros sistemas de automatizaci\u00f3n optimizados garantizan un flujo constante de informaci\u00f3n en todos sus canales de redes sociales, maximizando el compromiso y expandiendo su presencia en l\u00ednea sin esfuerzo.<\/p>\n\n\t\t<\/div>\n\t<\/div>\n<style type=\"text\/css\" data-type=\"the7_shortcodes-inline-css\">#default-btn-ade3e075a79a719380da90959c36b4d0.ico-right-side > i {\n  margin-right: 0px;\n  margin-left: 8px;\n}\n#default-btn-ade3e075a79a719380da90959c36b4d0 > i {\n  margin-right: 8px;\n}\n<\/style><a href=\"https:\/\/www.masreservas.net\/es\/services\/social-media-enhencement\/\" class=\"default-btn-shortcode dt-btn dt-btn-m link-hover-off btn-inline-left\" target=\"_blank\" id=\"default-btn-ade3e075a79a719380da90959c36b4d0\" title=\"mejora-de-las-redes-sociales\" rel=\"noopener\"><span>Descubrir m\u00e1s<\/span><\/a><\/div><\/div><\/div><div class=\"wpb_column vc_column_container vc_col-sm-6\"><div class=\"vc_column-inner\"><div class=\"wpb_wrapper\"><div class=\"aio-icon-component  vc_custom_1690316211308  color-title accent-icon-bg style_1\"><div id=\"Info-box-wrap-7675\" class=\"aio-icon-box left-icon\" style=\"\"  ><div class=\"aio-icon-left\"><div class=\"ult-just-icon-wrapper\"><div class=\"align-icon\" style=\"text-align:center;\">\n<div class=\"aio-icon advanced\"  style=\"color:#ffffff;border-style:;border-color:#333333;border-width:1px;width:80px;height:80px;line-height:80px;border-radius:500px;font-size:36px;display:inline-block;\">\n\t<i class=\"fas fa-grip-horizontal\"><\/i>\n<\/div><\/div><\/div><\/div><div class=\"aio-ibd-block\"><div class=\"aio-icon-header\" ><h3 class=\"aio-icon-title ult-responsive\"  data-ultimate-target='#Info-box-wrap-7675 .aio-icon-title'  data-responsive-json-new='{\"font-size\":\"desktop:24px;\",\"line-height\":\"desktop:34px;\"}'  style=\"font-family:&#039;Raleway&#039;;font-weight:bold;\">Servicios adicionales<\/h3><\/div> <!-- header --><\/div> <!-- aio-ibd-block --><\/div> <!-- aio-icon-box --><\/div> <!-- aio-icon-component -->\n\t<div class=\"wpb_text_column wpb_content_element  vc_custom_1690308972269\" >\n\t\t<div class=\"wpb_wrapper\">\n\t\t\t<p>Mejore nuestros paquetes con una gama de servicios adicionales disponibles, brindando a\u00fan m\u00e1s posibilidades de optimizaci\u00f3n y personalizaci\u00f3n para satisfacer sus necesidades \u00fanicas.<\/p>\n\n\t\t<\/div>\n\t<\/div>\n<style type=\"text\/css\" data-type=\"the7_shortcodes-inline-css\">#default-btn-35a8748beff3662b8b0e9add4b1abb10.ico-right-side > i {\n  margin-right: 0px;\n  margin-left: 8px;\n}\n#default-btn-35a8748beff3662b8b0e9add4b1abb10 > i {\n  margin-right: 8px;\n}\n<\/style><a href=\"https:\/\/www.masreservas.net\/es\/services\/additional-services\/\" class=\"default-btn-shortcode dt-btn dt-btn-m link-hover-off btn-inline-left\" target=\"_blank\" id=\"default-btn-35a8748beff3662b8b0e9add4b1abb10\" title=\"servicios-adicionales\" rel=\"noopener\"><span>Descubrir m\u00e1s<\/span><\/a><\/div><\/div><\/div><\/div><!-- Row Backgrounds --><div class=\"upb_color\" data-bg-override=\"ex-full\" data-bg-color=\"#ffffff\" data-fadeout=\"\" data-fadeout-percentage=\"30\" data-parallax-content=\"\" data-parallax-content-sense=\"30\" data-row-effect-mobile-disable=\"true\" data-img-parallax-mobile-disable=\"true\" data-rtl=\"false\"  data-custom-vc-row=\"\"  data-vc=\"6.10.0\"  data-is_old_vc=\"\"  data-theme-support=\"\"   data-overlay=\"false\" data-overlay-color=\"\" data-overlay-pattern=\"\" data-overlay-pattern-opacity=\"\" data-overlay-pattern-size=\"\"    ><\/div><div class=\"vc_row wpb_row vc_row-fluid vc_custom_1690310521314 vc_row-has-fill vc_row-o-equal-height vc_row-o-content-top vc_row-flex\"><div class=\"wpb_column vc_column_container vc_col-sm-6 vc_hidden-sm vc_hidden-xs\"><div class=\"vc_column-inner vc_custom_1690308766240\"><div class=\"wpb_wrapper\"><div class=\"aio-icon-component  vc_custom_1692121935691  color-title accent-icon-bg style_1\"><div id=\"Info-box-wrap-4690\" class=\"aio-icon-box left-icon\" style=\"\"  ><div class=\"aio-icon-left\"><div class=\"ult-just-icon-wrapper\"><div class=\"align-icon\" style=\"text-align:center;\">\n<div class=\"aio-icon advanced\"  style=\"color:#ffffff;border-style:;border-color:#333333;border-width:1px;width:80px;height:80px;line-height:80px;border-radius:500px;font-size:36px;display:inline-block;\">\n\t<i class=\"fas fa-laptop-house\"><\/i>\n<\/div><\/div><\/div><\/div><div class=\"aio-ibd-block\"><div class=\"aio-icon-header\" ><h3 class=\"aio-icon-title ult-responsive\"  data-ultimate-target='#Info-box-wrap-4690 .aio-icon-title'  data-responsive-json-new='{\"font-size\":\"desktop:24px;\",\"line-height\":\"desktop:34px;\"}'  style=\"font-family:&#039;Raleway&#039;;font-weight:bold;\">-Programa de afiliados de -hotel<\/h3><\/div> <!-- header --><\/div> <!-- aio-ibd-block --><\/div> <!-- aio-icon-box --><\/div> <!-- aio-icon-component -->\n\t<div class=\"wpb_text_column wpb_content_element  vc_custom_1692121973077\" >\n\t\t<div class=\"wpb_wrapper\">\n\t\t\t<p>Estamos operando y construyendo sitios web asociados en todos los pa\u00edses de Am\u00e9rica Latina, donde aparecemos constantemente en la primera p\u00e1gina de los resultados de b\u00fasqueda de Google para b\u00fasquedas de hoteles. Este sitio web asociado permite a los viajeros reservar c\u00f3modamente hoteles directamente a trav\u00e9s de la p\u00e1gina web dedicada del hotel. El sitio asociado ayuda a los usuarios a filtrar y seleccionar con precisi\u00f3n el tipo de hotel deseado en el destino elegido.<\/p>\n<p>Este innovador servicio es similar a Booking, pero con la caracter\u00edstica \u00fanica de facilitar las reservas exclusivamente a trav\u00e9s de la p\u00e1gina web personalizada de cada hotel, una plataforma que creamos meticulosamente para cada hotel.<\/p>\n\n\t\t<\/div>\n\t<\/div>\n<style type=\"text\/css\" data-type=\"the7_shortcodes-inline-css\">#default-btn-175c3bdb173a069c18d1006e3c98fe7c.ico-right-side > i {\n  margin-right: 0px;\n  margin-left: 8px;\n}\n#default-btn-175c3bdb173a069c18d1006e3c98fe7c > i {\n  margin-right: 8px;\n}\n<\/style><a href=\"https:\/\/www.masreservas.net\/es\/services\/affiliate-program\/\" class=\"default-btn-shortcode dt-btn dt-btn-m link-hover-off btn-inline-left\" target=\"_blank\" id=\"default-btn-175c3bdb173a069c18d1006e3c98fe7c\" title=\"programa-de-afiliados\" rel=\"noopener\"><span>Descubrir m\u00e1s<\/span><\/a><\/div><\/div><\/div><div class=\"wpb_column vc_column_container vc_col-sm-6\"><div class=\"vc_column-inner\"><div class=\"wpb_wrapper\"><\/div><\/div><\/div><\/div><!-- Row Backgrounds --><div class=\"upb_color\" data-bg-override=\"ex-full\" data-bg-color=\"#ffffff\" data-fadeout=\"\" data-fadeout-percentage=\"30\" data-parallax-content=\"\" data-parallax-content-sense=\"30\" data-row-effect-mobile-disable=\"true\" data-img-parallax-mobile-disable=\"true\" data-rtl=\"false\"  data-custom-vc-row=\"\"  data-vc=\"6.10.0\"  data-is_old_vc=\"\"  data-theme-support=\"\"   data-overlay=\"false\" data-overlay-color=\"\" data-overlay-pattern=\"\" data-overlay-pattern-opacity=\"\" data-overlay-pattern-size=\"\"    ><\/div>\n<\/section>","protected":false},"excerpt":{"rendered":"<p>Our ServicesUnlock the true potential of your hotel&#8217;s online presence by harnessing the power of our extensive range of cutting-edge digital services. Our mission is to revolutionize your online visibility, boost direct bookings, and liberate yourbusiness from reliance on third-party platforms. With a comprehensive catalog of solutions tailored to meet your hotel&#8217;s specific needs, we&hellip;<\/p>","protected":false},"author":11,"featured_media":0,"parent":0,"menu_order":20,"comment_status":"closed","ping_status":"closed","template":"","meta":{"footnotes":""},"class_list":["post-47","page","type-page","status-publish","hentry"],"_links":{"self":[{"href":"https:\/\/www.masreservas.net\/es\/wp-json\/wp\/v2\/pages\/47"}],"collection":[{"href":"https:\/\/www.masreservas.net\/es\/wp-json\/wp\/v2\/pages"}],"about":[{"href":"https:\/\/www.masreservas.net\/es\/wp-json\/wp\/v2\/types\/page"}],"author":[{"embeddable":true,"href":"https:\/\/www.masreservas.net\/es\/wp-json\/wp\/v2\/users\/11"}],"replies":[{"embeddable":true,"href":"https:\/\/www.masreservas.net\/es\/wp-json\/wp\/v2\/comments?post=47"}],"version-history":[{"count":52,"href":"https:\/\/www.masreservas.net\/es\/wp-json\/wp\/v2\/pages\/47\/revisions"}],"predecessor-version":[{"id":10331,"href":"https:\/\/www.masreservas.net\/es\/wp-json\/wp\/v2\/pages\/47\/revisions\/10331"}],"wp:attachment":[{"href":"https:\/\/www.masreservas.net\/es\/wp-json\/wp\/v2\/media?parent=47"}],"curies":[{"name":"wp","href":"https:\/\/api.w.org\/{rel}","templated":true}]}}