{"id":53,"date":"2016-02-07T10:05:39","date_gmt":"2016-02-07T10:05:39","guid":{"rendered":"https:\/\/the7.io\/marketing-agency\/?page_id=53"},"modified":"2023-12-03T21:32:08","modified_gmt":"2023-12-03T21:32:08","slug":"contact","status":"publish","type":"page","link":"https:\/\/www.masreservas.net\/es\/contact\/","title":{"rendered":"Contacto"},"content":{"rendered":"<section class=\"wpb-content-wrapper\"><div data-vc-full-width=\"true\" data-vc-full-width-init=\"false\" class=\"vc_row wpb_row vc_row-fluid vc_custom_1690838679246 vc_row-has-fill vc_row-o-equal-height vc_row-flex\"><div class=\"wpb_column vc_column_container vc_col-sm-12 vc_col-sm-offset-0\"><div class=\"vc_column-inner vc_custom_1479032696835\"><div class=\"wpb_wrapper\"><div id=\"ultimate-heading-418069f859edac231\" class=\"uvc-heading ult-adjust-bottom-margin ultimate-heading-418069f859edac231 uvc-999\" data-hspacer=\"no_spacer\"  data-halign=\"center\" style=\"text-align:center\"><div class=\"uvc-heading-spacer no_spacer\" style=\"top\"><\/div><div class=\"uvc-main-heading ult-responsive\"  data-ultimate-target='.uvc-heading.ultimate-heading-418069f859edac231 h2'  data-responsive-json-new='{\"font-size\":\"desktop:60px;\",\"line-height\":\"desktop:70px;\"}' ><h2 style=\"font-family:&#039;Raleway&#039;;--font-weight:theme;margin-bottom:65px;\">CONT\u00c1CTENOS<\/h2><\/div><\/div><div class=\"vc_row wpb_row vc_inner vc_row-fluid vc_row-o-equal-height vc_row-flex\"><div class=\"wpb_column vc_column_container vc_col-sm-4\"><div class=\"vc_column-inner vc_custom_1479032888299\"><div class=\"wpb_wrapper\"><div id=\"ultimate-heading-192369f859edac62d\" class=\"uvc-heading ult-adjust-bottom-margin ultimate-heading-192369f859edac62d uvc-8884 color-title accent-icon-color\" data-hspacer=\"icon_only\"  data-halign=\"center\" style=\"text-align:center\"><div class=\"uvc-heading-spacer icon_only\" style=\"margin-bottom:20px;\"><div class=\"ult-just-icon-wrapper\"><div class=\"align-icon\" style=\"text-align:center;\">\n<div class=\"aio-icon none\"  style=\"font-size:48px;display:inline-block;\">\n\t<i class=\"icomoon-free-social-contact-16x16-location2\"><\/i>\n<\/div><\/div><\/div><\/div><div class=\"uvc-main-heading ult-responsive\"  data-ultimate-target='.uvc-heading.ultimate-heading-192369f859edac62d h2'  data-responsive-json-new='{\"font-size\":\"desktop:20px;\",\"line-height\":\"desktop:32px;\"}' ><h2 style=\"font-family:&#039;Raleway&#039;;font-weight:bold;color:#70665e;margin-bottom:4px;\">UBICACI\u00d3N<\/h2><\/div><div class=\"uvc-sub-heading ult-responsive\"  data-ultimate-target='.uvc-heading.ultimate-heading-192369f859edac62d .uvc-sub-heading '  data-responsive-json-new='{\"font-size\":\"desktop:20px;\",\"line-height\":\"desktop:32px;\"}'  style=\"font-family:&#039;Raleway&#039;;font-weight:bold;color:#70665e;margin-bottom:0px;\">Sos\u00faa, Rep\u00fablica Dominicana<\/div><\/div><\/div><\/div><\/div><div class=\"wpb_column vc_column_container vc_col-sm-4\"><div class=\"vc_column-inner vc_custom_1479032916919\"><div class=\"wpb_wrapper\"><div id=\"ultimate-heading-377969f859edac774\" class=\"uvc-heading ult-adjust-bottom-margin ultimate-heading-377969f859edac774 uvc-6180 color-title accent-icon-color\" data-hspacer=\"icon_only\"  data-halign=\"center\" style=\"text-align:center\"><div class=\"uvc-heading-spacer icon_only\" style=\"margin-bottom:20px;\"><div class=\"ult-just-icon-wrapper\"><div class=\"align-icon\" style=\"text-align:center;\">\n<div class=\"aio-icon none\"  style=\"color:#70665e;font-size:48px;display:inline-block;\">\n\t<i class=\"icomoon-free-social-contact-16x16-phone\"><\/i>\n<\/div><\/div><\/div><\/div><div class=\"uvc-main-heading ult-responsive\"  data-ultimate-target='.uvc-heading.ultimate-heading-377969f859edac774 h2'  data-responsive-json-new='{\"font-size\":\"desktop:20px;\",\"line-height\":\"desktop:32px;\"}' ><h2 style=\"font-family:&#039;Raleway&#039;;font-weight:bold;color:#70665e;margin-bottom:4px;\">LLAMAR<\/h2><\/div><div class=\"uvc-sub-heading ult-responsive\"  data-ultimate-target='.uvc-heading.ultimate-heading-377969f859edac774 .uvc-sub-heading '  data-responsive-json-new='{\"font-size\":\"desktop:20px;\",\"line-height\":\"desktop:32px;\"}'  style=\"font-family:&#039;Raleway&#039;;font-weight:bold;color:#70665e;margin-bottom:0px;\">+1 (809) 885-9720<\/div><\/div><\/div><\/div><\/div><div class=\"wpb_column vc_column_container vc_col-sm-4\"><div class=\"vc_column-inner vc_custom_1479032922138\"><div class=\"wpb_wrapper\"><div id=\"ultimate-heading-55669f859edac88c\" class=\"uvc-heading ult-adjust-bottom-margin ultimate-heading-55669f859edac88c uvc-8705 color-title accent-icon-color\" data-hspacer=\"icon_only\"  data-halign=\"center\" style=\"text-align:center\"><div class=\"uvc-heading-spacer icon_only\" style=\"margin-bottom:20px;\"><div class=\"ult-just-icon-wrapper\"><div class=\"align-icon\" style=\"text-align:center;\">\n<div class=\"aio-icon none\"  style=\"font-size:48px;display:inline-block;\">\n\t<i class=\"icomoon-free-social-contact-16x16-envelop\"><\/i>\n<\/div><\/div><\/div><\/div><div class=\"uvc-main-heading ult-responsive\"  data-ultimate-target='.uvc-heading.ultimate-heading-55669f859edac88c h2'  data-responsive-json-new='{\"font-size\":\"desktop:20px;\",\"line-height\":\"desktop:32px;\"}' ><h2 style=\"font-family:&#039;Raleway&#039;;font-weight:bold;color:#70665e;margin-bottom:4px;\">ESCRIBIR<\/h2><\/div><div class=\"uvc-sub-heading ult-responsive\"  data-ultimate-target='.uvc-heading.ultimate-heading-55669f859edac88c .uvc-sub-heading '  data-responsive-json-new='{\"font-size\":\"desktop:20px;\",\"line-height\":\"desktop:32px;\"}'  style=\"font-family:&#039;Raleway&#039;;font-weight:bold;color:#70665e;margin-bottom:0px;\"><a href=\"mailto:info@masreservas.net\" target=\"_blank\" rel=\"noopener\">info@masreservas.net<\/a><\/div><\/div><\/div><\/div><\/div><\/div><\/div><\/div><\/div><\/div><div class=\"vc_row-full-width vc_clearfix\"><\/div><!-- Row Backgrounds --><div class=\"upb_color\" data-bg-override=\"ex-full\" data-bg-color=\"#cec4bd\" data-fadeout=\"\" data-fadeout-percentage=\"30\" data-parallax-content=\"\" data-parallax-content-sense=\"30\" data-row-effect-mobile-disable=\"true\" data-img-parallax-mobile-disable=\"true\" data-rtl=\"false\"  data-custom-vc-row=\"\"  data-vc=\"6.10.0\"  data-is_old_vc=\"\"  data-theme-support=\"\"   data-overlay=\"false\" data-overlay-color=\"\" data-overlay-pattern=\"\" data-overlay-pattern-opacity=\"\" data-overlay-pattern-size=\"\"    ><\/div><div class=\"vc_row wpb_row vc_row-fluid vc_custom_1690426724189 vc_row-has-fill\"><div class=\"wpb_column vc_column_container vc_col-sm-12 vc_col-sm-offset-0\"><div class=\"vc_column-inner\"><div class=\"wpb_wrapper\"><div id=\"ultimate-heading-112369f859edacddf\" class=\"uvc-heading ult-adjust-bottom-margin ultimate-heading-112369f859edacddf uvc-1979\" data-hspacer=\"no_spacer\"  data-halign=\"center\" style=\"text-align:center\"><div class=\"uvc-heading-spacer no_spacer\" style=\"top\"><\/div><div class=\"uvc-main-heading ult-responsive\"  data-ultimate-target='.uvc-heading.ultimate-heading-112369f859edacddf h2'  data-responsive-json-new='{\"font-size\":\"desktop:34px;\",\"line-height\":\"desktop:44px;\"}' ><h2 style=\"font-weight:bold;margin-bottom:25px;\">\u00bfPreguntas o Propuestas? \u00a1Comun\u00edquese con nosotros!<\/h2><\/div><div class=\"uvc-sub-heading ult-responsive\"  data-ultimate-target='.uvc-heading.ultimate-heading-112369f859edacddf .uvc-sub-heading '  data-responsive-json-new='{\"font-size\":\"desktop:20px;\",\"line-height\":\"desktop:32px;\"}'  style=\"font-weight:normal;\">Nos esforzamos por brindar asistencia r\u00e1pida a todas las consultas. Puede esperar una respuesta dentro de las 24 a 48 horas despu\u00e9s de enviarnos un correo electr\u00f3nico.<\/div><\/div><\/div><\/div><\/div><\/div><!-- Row Backgrounds --><div class=\"upb_color\" data-bg-override=\"ex-full\" data-bg-color=\"#ffffff\" data-fadeout=\"\" data-fadeout-percentage=\"30\" data-parallax-content=\"\" data-parallax-content-sense=\"30\" data-row-effect-mobile-disable=\"true\" data-img-parallax-mobile-disable=\"true\" data-rtl=\"false\"  data-custom-vc-row=\"\"  data-vc=\"6.10.0\"  data-is_old_vc=\"\"  data-theme-support=\"\"   data-overlay=\"false\" data-overlay-color=\"\" data-overlay-pattern=\"\" data-overlay-pattern-opacity=\"\" data-overlay-pattern-size=\"\"    ><\/div><div class=\"vc_row wpb_row vc_row-fluid vc_custom_1690839314880 vc_row-has-fill\"><div class=\"wpb_column vc_column_container vc_col-sm-3\"><div class=\"vc_column-inner\"><div class=\"wpb_wrapper\"><\/div><\/div><\/div><div class=\"wpb_column vc_column_container vc_col-sm-6\"><div class=\"vc_column-inner\"><div class=\"wpb_wrapper\"><form class=\"dt-contact-form dt-form\" method=\"post\" action=\"\"><input type=\"hidden\" name=\"widget_id\" value=\"presscore-contact-form-widget--1\" \/><input type=\"hidden\" name=\"send_message\" value=\"\" \/><input type=\"hidden\" name=\"security_token\" value=\"6b678d8e00fd5c9ec22e\"\/><div class=\"form-fields\"><span class=\"form-name\"><label class=\"assistive-text\">Nombre *<\/label><input type=\"text\" class=\"validate[required]\" placeholder=\"Nombre *\" name=\"name\" value=\"\" aria-required=\"true\">\n<\/span><span class=\"form-mail\"><label class=\"assistive-text\">Correo electr\u00f3nico *<\/label><input type=\"text\" class=\"validate[required,custom[email]]\" placeholder=\"Correo electr\u00f3nico *\" name=\"email\" value=\"\" aria-required=\"true\">\n<\/span><span class=\"form-telephone\"><label class=\"assistive-text\">Tel\u00e9fono<\/label><input type=\"text\" placeholder=\"Tel\u00e9fono\" name=\"telephone\" value=\"\" aria-required=\"false\">\n<\/span><\/div><span class=\"form-message\"><label class=\"assistive-text\">Mensaje *<\/label><textarea class=\"validate[required]\" placeholder=\"Mensaje *\" name=\"message\" rows=\"7\" aria-required=\"true\"><\/textarea>\n<\/span><p><a href=\"#\" class=\"dt-btn dt-btn-m dt-btn-submit\" rel=\"nofollow\"><span>Enviar mensaje<\/span><\/a><input class=\"assistive-text\" type=\"submit\" value=\"enviar\"><\/p><input type=\"hidden\" name=\"trp-form-language\" value=\"es\"\/><\/form>\n<\/div><\/div><\/div><div class=\"wpb_column vc_column_container vc_col-sm-3\"><div class=\"vc_column-inner\"><div class=\"wpb_wrapper\"><\/div><\/div><\/div><\/div><!-- Row Backgrounds --><div class=\"upb_color\" data-bg-override=\"ex-full\" data-bg-color=\"#ffffff\" data-fadeout=\"\" data-fadeout-percentage=\"30\" data-parallax-content=\"\" data-parallax-content-sense=\"30\" data-row-effect-mobile-disable=\"true\" data-img-parallax-mobile-disable=\"true\" data-rtl=\"false\"  data-custom-vc-row=\"\"  data-vc=\"6.10.0\"  data-is_old_vc=\"\"  data-theme-support=\"\"   data-overlay=\"false\" data-overlay-color=\"\" data-overlay-pattern=\"\" data-overlay-pattern-opacity=\"\" data-overlay-pattern-size=\"\"    ><\/div><div class=\"vc_row wpb_row vc_row-fluid\"><div class=\"wpb_column vc_column_container vc_col-sm-4\"><div class=\"vc_column-inner\"><div class=\"wpb_wrapper\"><div class=\"ult-just-icon-wrapper accent-icon-bg  vc_custom_1690470734536\"><div class=\"align-icon\" style=\"text-align:center;\">\n<a class=\"aio-tooltip 69f859edad5ec\" href=\"https:\/\/themeforest.net\/item\/the7-responsive-multipurpose-wordpress-theme\/5556590\" target=\"_blank\" rel=\"noopener\" data-toggle=\"tooltip\" data-placement=\"\"><div class=\"aio-icon advanced\"  style=\"color:#ffffff;border-style:solid;border-color:;border-width:0px;width:70px;height:70px;line-height:70px;border-radius:500px;font-size:28px;display:inline-block;\">\n\t<i class=\"icomoon-free-social-contact-16x16-facebook\"><\/i>\n<\/div><\/a><\/div><\/div><\/div><\/div><\/div><div class=\"wpb_column vc_column_container vc_col-sm-4\"><div class=\"vc_column-inner\"><div class=\"wpb_wrapper\"><div class=\"ult-just-icon-wrapper accent-icon-bg  vc_custom_1690470773172\"><div class=\"align-icon\" style=\"text-align:center;\">\n<a class=\"aio-tooltip 69f859edad6bb\" href=\"https:\/\/themeforest.net\/item\/the7-responsive-multipurpose-wordpress-theme\/5556590\" target=\"_blank\" rel=\"noopener\" data-toggle=\"tooltip\" data-placement=\"\"><div class=\"aio-icon advanced\"  style=\"color:#ffffff;border-style:solid;border-color:;border-width:0px;width:70px;height:70px;line-height:70px;border-radius:500px;font-size:28px;display:inline-block;\">\n\t<i class=\"icomoon-free-social-contact-16x16-linkedin\"><\/i>\n<\/div><\/a><\/div><\/div><\/div><\/div><\/div><div class=\"wpb_column vc_column_container vc_col-sm-4\"><div class=\"vc_column-inner\"><div class=\"wpb_wrapper\"><div class=\"ult-just-icon-wrapper accent-icon-bg  vc_custom_1690470787678\"><div class=\"align-icon\" style=\"text-align:center;\">\n<a class=\"aio-tooltip 69f859edad767\" href=\"https:\/\/themeforest.net\/item\/the7-responsive-multipurpose-wordpress-theme\/5556590\" target=\"_blank\" rel=\"noopener\" data-toggle=\"tooltip\" data-placement=\"\"><div class=\"aio-icon advanced\"  style=\"color:#ffffff;border-style:solid;border-color:;border-width:0px;width:70px;height:70px;line-height:70px;border-radius:500px;font-size:28px;display:inline-block;\">\n\t<i class=\"icomoon-the7-font-youtube\"><\/i>\n<\/div><\/a><\/div><\/div><\/div><\/div><\/div><\/div>\n<\/section>","protected":false},"excerpt":{"rendered":"<p>CONTACT US LOCATIONSosua, Dominican Republic CALL+1 (809) 885-9720 WRITEinfo@masreservas.netQuestions or Proposals? Reach Out to Us!We strive to provide prompt assistance to all inquiries. You can expect a response within 24 to 48 hours after sending us an email.<\/p>","protected":false},"author":11,"featured_media":0,"parent":0,"menu_order":50,"comment_status":"closed","ping_status":"closed","template":"","meta":{"footnotes":""},"class_list":["post-53","page","type-page","status-publish","hentry","description-off"],"_links":{"self":[{"href":"https:\/\/www.masreservas.net\/es\/wp-json\/wp\/v2\/pages\/53"}],"collection":[{"href":"https:\/\/www.masreservas.net\/es\/wp-json\/wp\/v2\/pages"}],"about":[{"href":"https:\/\/www.masreservas.net\/es\/wp-json\/wp\/v2\/types\/page"}],"author":[{"embeddable":true,"href":"https:\/\/www.masreservas.net\/es\/wp-json\/wp\/v2\/users\/11"}],"replies":[{"embeddable":true,"href":"https:\/\/www.masreservas.net\/es\/wp-json\/wp\/v2\/comments?post=53"}],"version-history":[{"count":19,"href":"https:\/\/www.masreservas.net\/es\/wp-json\/wp\/v2\/pages\/53\/revisions"}],"predecessor-version":[{"id":10314,"href":"https:\/\/www.masreservas.net\/es\/wp-json\/wp\/v2\/pages\/53\/revisions\/10314"}],"wp:attachment":[{"href":"https:\/\/www.masreservas.net\/es\/wp-json\/wp\/v2\/media?parent=53"}],"curies":[{"name":"wp","href":"https:\/\/api.w.org\/{rel}","templated":true}]}}