{"id":8906,"date":"2023-03-18T02:29:08","date_gmt":"2023-03-18T02:29:08","guid":{"rendered":"https:\/\/www.masreservas.net\/?page_id=8906"},"modified":"2023-12-03T21:33:47","modified_gmt":"2023-12-03T21:33:47","slug":"website-enhencement","status":"publish","type":"page","link":"https:\/\/www.masreservas.net\/es\/services\/website-enhencement\/","title":{"rendered":"Mejora del sitio web"},"content":{"rendered":"<section class=\"wpb-content-wrapper\"><div class=\"vc_row wpb_row vc_row-fluid vc_custom_1690310097381 vc_row-o-equal-height vc_row-o-content-middle vc_row-flex\"><div class=\"wpb_column vc_column_container vc_col-sm-12\"><div class=\"vc_column-inner\"><div class=\"wpb_wrapper\"><div id=\"ultimate-heading-359769e34f11b716e\" class=\"uvc-heading ult-adjust-bottom-margin ultimate-heading-359769e34f11b716e uvc-7304\" data-hspacer=\"no_spacer\"  data-halign=\"center\" style=\"text-align:center\"><div class=\"uvc-heading-spacer no_spacer\" style=\"top\"><\/div><div class=\"uvc-main-heading ult-responsive\"  data-ultimate-target='.uvc-heading.ultimate-heading-359769e34f11b716e h2'  data-responsive-json-new='{\"font-size\":\"desktop:60px;\",\"line-height\":\"desktop:70px;\"}' ><h2 style=\"font-family:&#039;Raleway&#039;;font-weight:bold;color:#70665e;margin-bottom:35px;\">Mejora del sitio web<\/h2><\/div><div class=\"uvc-sub-heading ult-responsive\"  data-ultimate-target='.uvc-heading.ultimate-heading-359769e34f11b716e .uvc-sub-heading '  data-responsive-json-new='{\"font-size\":\"desktop:20px;\",\"line-height\":\"desktop:32px;\"}'  style=\"font-family:&#039;Raleway&#039;;font-weight:normal;color:#70665e;margin-bottom:35px;\">Renueve su sitio web con contenido atractivo, dise\u00f1o moderno e im\u00e1genes de alta calidad que conviertan a los visitantes en reservas. Nos enfocamos en mejorar la facilidad de uso y seguimos las pautas de SEO para mejorar su visibilidad en l\u00ednea.<\/div><\/div><\/div><\/div><\/div><\/div><div class=\"vc_row wpb_row vc_row-fluid vc_custom_1690321208648 vc_row-has-fill vc_row-o-full-height vc_row-o-columns-top vc_row-o-equal-height vc_row-o-content-middle vc_row-flex\"><div class=\"wpb_column vc_column_container vc_col-sm-6\"><div class=\"vc_column-inner\"><div class=\"wpb_wrapper\"><div class=\"aio-icon-component  vc_custom_1690320278887  color-title accent-icon-bg style_1\"><div id=\"Info-box-wrap-5892\" class=\"aio-icon-box left-icon\" style=\"\"  ><div class=\"aio-icon-left\"><div class=\"ult-just-icon-wrapper\"><div class=\"align-icon\" style=\"text-align:center;\">\n<div class=\"aio-icon circle\"  style=\"color:#ffffff;background:#70665e;font-size:36px;display:inline-block;\">\n\t<i class=\"fas fa-pencil-ruler\"><\/i>\n<\/div><\/div><\/div><\/div><div class=\"aio-ibd-block\"><div class=\"aio-icon-header\" ><h3 class=\"aio-icon-title ult-responsive\"  data-ultimate-target='#Info-box-wrap-5892 .aio-icon-title'  data-responsive-json-new='{\"font-size\":\"desktop:24px;\",\"line-height\":\"desktop:34px;\"}'  style=\"font-family:&#039;Raleway&#039;;font-weight:bold;\">Dise\u00f1o elegante<\/h3><\/div> <!-- header --><\/div> <!-- aio-ibd-block --><\/div> <!-- aio-icon-box --><\/div> <!-- aio-icon-component -->\n\t<div class=\"wpb_text_column wpb_content_element\" >\n\t\t<div class=\"wpb_wrapper\">\n\t\t\t<p>Nuestro equipo de dise\u00f1adores web expertos se asegurar\u00e1 de que su sitio web exuda un aspecto moderno y distintivo, cautivando a los visitantes y fomentando las reservas directas.<\/p>\n\n\t\t<\/div>\n\t<\/div>\n<div class=\"aio-icon-component  vc_custom_1690401049979  color-title accent-icon-bg style_1\"><div id=\"Info-box-wrap-2947\" class=\"aio-icon-box left-icon\" style=\"\"  ><div class=\"aio-icon-left\"><div class=\"ult-just-icon-wrapper\"><div class=\"align-icon\" style=\"text-align:center;\">\n<div class=\"aio-icon circle\"  style=\"color:#ffffff;background:#70665e;font-size:36px;display:inline-block;\">\n\t<i class=\"icomoon-feather-24x24-content-left\"><\/i>\n<\/div><\/div><\/div><\/div><div class=\"aio-ibd-block\"><div class=\"aio-icon-header\" ><h3 class=\"aio-icon-title ult-responsive\"  data-ultimate-target='#Info-box-wrap-2947 .aio-icon-title'  data-responsive-json-new='{\"font-size\":\"desktop:24px;\",\"line-height\":\"desktop:34px;\"}'  style=\"font-family:&#039;Raleway&#039;;font-weight:bold;\">Contenido convincente<\/h3><\/div> <!-- header --><\/div> <!-- aio-ibd-block --><\/div> <!-- aio-icon-box --><\/div> <!-- aio-icon-component -->\n\t<div class=\"wpb_text_column wpb_content_element\" >\n\t\t<div class=\"wpb_wrapper\">\n\t\t\t<p>Creamos textos atractivos y personalizados y elementos visuales cautivadores que muestran las lujosas comodidades y los servicios excepcionales de su hotel de la manera m\u00e1s convincente e imaginativa que se pueda imaginar.<\/p>\n\n\t\t<\/div>\n\t<\/div>\n<div class=\"aio-icon-component    style_1\"><div id=\"Info-box-wrap-2609\" class=\"aio-icon-box default-icon\" style=\"\"  ><\/div> <!-- aio-icon-box --><\/div> <!-- aio-icon-component --><\/div><\/div><\/div><div class=\"wpb_column vc_column_container vc_col-sm-6\"><div class=\"vc_column-inner\"><div class=\"wpb_wrapper\"><div class=\"aio-icon-component  vc_custom_1690320562583  color-title accent-icon-bg style_1\"><div id=\"Info-box-wrap-4074\" class=\"aio-icon-box left-icon\" style=\"\"  ><div class=\"aio-icon-left\"><div class=\"ult-just-icon-wrapper\"><div class=\"align-icon\" style=\"text-align:center;\">\n<div class=\"aio-icon circle\"  style=\"color:#ffffff;background:#70665e;font-size:36px;display:inline-block;\">\n\t<i class=\"fas fa-user-check\"><\/i>\n<\/div><\/div><\/div><\/div><div class=\"aio-ibd-block\"><div class=\"aio-icon-header\" ><h3 class=\"aio-icon-title ult-responsive\"  data-ultimate-target='#Info-box-wrap-4074 .aio-icon-title'  data-responsive-json-new='{\"font-size\":\"desktop:24px;\",\"line-height\":\"desktop:34px;\"}'  style=\"font-family:&#039;Raleway&#039;;font-weight:bold;\">Experiencia f\u00e1cil de usar<\/h3><\/div> <!-- header --><\/div> <!-- aio-ibd-block --><\/div> <!-- aio-icon-box --><\/div> <!-- aio-icon-component -->\n\t<div class=\"wpb_text_column wpb_content_element\" >\n\t\t<div class=\"wpb_wrapper\">\n\t\t\t<p>Optimizamos el dise\u00f1o y la navegaci\u00f3n de su sitio web, asegurando una experiencia de usuario intuitiva y fluida que minimiza las tasas de rebote y maximiza las tasas de conversi\u00f3n.<\/p>\n\n\t\t<\/div>\n\t<\/div>\n<div class=\"aio-icon-component  vc_custom_1690320626935  color-title accent-icon-bg style_1\"><div id=\"Info-box-wrap-2631\" class=\"aio-icon-box left-icon\" style=\"\"  ><div class=\"aio-icon-left\"><div class=\"ult-just-icon-wrapper\"><div class=\"align-icon\" style=\"text-align:center;\">\n<div class=\"aio-icon circle\"  style=\"color:#ffffff;background:#70665e;font-size:36px;display:inline-block;\">\n\t<i class=\"dt-icon-the7-refresh-07\"><\/i>\n<\/div><\/div><\/div><\/div><div class=\"aio-ibd-block\"><div class=\"aio-icon-header\" ><h3 class=\"aio-icon-title ult-responsive\"  data-ultimate-target='#Info-box-wrap-2631 .aio-icon-title'  data-responsive-json-new='{\"font-size\":\"desktop:24px;\",\"line-height\":\"desktop:34px;\"}'  style=\"font-family:&#039;Raleway&#039;;font-weight:bold;\">Redise\u00f1o y optimizaci\u00f3n del sitio web<\/h3><\/div> <!-- header --><\/div> <!-- aio-ibd-block --><\/div> <!-- aio-icon-box --><\/div> <!-- aio-icon-component -->\n\t<div class=\"wpb_text_column wpb_content_element\" >\n\t\t<div class=\"wpb_wrapper\">\n\t\t\t<p>Renueve o cree un sitio web que refleje la experiencia \u00fanica de su hotel. Optimizamos la visibilidad, la velocidad y el rendimiento de los motores de b\u00fasqueda para atraer a m\u00e1s visitantes y mejorar las clasificaciones.<\/p>\n\n\t\t<\/div>\n\t<\/div>\n<\/div><\/div><\/div><\/div><!-- Row Backgrounds --><div class=\"upb_color\" data-bg-override=\"ex-full\" data-bg-color=\"#ffffff\" data-fadeout=\"\" data-fadeout-percentage=\"30\" data-parallax-content=\"\" data-parallax-content-sense=\"30\" data-row-effect-mobile-disable=\"true\" data-img-parallax-mobile-disable=\"true\" data-rtl=\"false\"  data-custom-vc-row=\"\"  data-vc=\"6.10.0\"  data-is_old_vc=\"\"  data-theme-support=\"\"   data-overlay=\"false\" data-overlay-color=\"\" data-overlay-pattern=\"\" data-overlay-pattern-opacity=\"\" data-overlay-pattern-size=\"\"    ><\/div><div class=\"vc_row wpb_row vc_row-fluid vc_custom_1690318597464 vc_row-has-fill vc_row-o-equal-height vc_row-o-content-middle vc_row-flex\"><div class=\"wpb_column vc_column_container vc_col-sm-12\"><div class=\"vc_column-inner\"><div class=\"wpb_wrapper\"><style type=\"text\/css\" data-type=\"the7_shortcodes-inline-css\">#default-btn-048e74dea7eab04740c2f5e5e4897175.ico-right-side > i {\n  margin-right: 0px;\n  margin-left: 8px;\n}\n#default-btn-048e74dea7eab04740c2f5e5e4897175 > i {\n  margin-right: 8px;\n}\n<\/style><div class=\"btn-align-center\"><a href=\"https:\/\/www.masreservas.net\/es\/service-packages\/\" class=\"default-btn-shortcode dt-btn dt-btn-m link-hover-off  vc_custom_1690646503001\" target=\"_blank\" id=\"default-btn-048e74dea7eab04740c2f5e5e4897175\" title=\"paquetes-de-servicios\" rel=\"noopener\"><span>Consulta nuestros Precios<\/span><\/a><\/div><\/div><\/div><\/div><\/div><!-- Row Backgrounds --><div class=\"upb_color\" data-bg-override=\"ex-full\" data-bg-color=\"#ffffff\" data-fadeout=\"\" data-fadeout-percentage=\"30\" data-parallax-content=\"\" data-parallax-content-sense=\"30\" data-row-effect-mobile-disable=\"true\" data-img-parallax-mobile-disable=\"true\" data-rtl=\"false\"  data-custom-vc-row=\"\"  data-vc=\"6.10.0\"  data-is_old_vc=\"\"  data-theme-support=\"\"   data-overlay=\"false\" data-overlay-color=\"\" data-overlay-pattern=\"\" data-overlay-pattern-opacity=\"\" data-overlay-pattern-size=\"\"    ><\/div>\n<\/section>","protected":false},"excerpt":{"rendered":"<p>Website EnhencementRenew your website with engaging content, modern design, and high-quality images that convert visitors into bookings. We focus on improving user-friendliness and follow SEO guidelines to enhance your online visibility. Elegant Design Our team of expert web designers will ensure that your website exudes a modern and distinctive look, captivating visitors and encouraging direct&hellip;<\/p>","protected":false},"author":11,"featured_media":0,"parent":47,"menu_order":10,"comment_status":"closed","ping_status":"closed","template":"","meta":{"footnotes":""},"class_list":["post-8906","page","type-page","status-publish","hentry","description-off"],"_links":{"self":[{"href":"https:\/\/www.masreservas.net\/es\/wp-json\/wp\/v2\/pages\/8906"}],"collection":[{"href":"https:\/\/www.masreservas.net\/es\/wp-json\/wp\/v2\/pages"}],"about":[{"href":"https:\/\/www.masreservas.net\/es\/wp-json\/wp\/v2\/types\/page"}],"author":[{"embeddable":true,"href":"https:\/\/www.masreservas.net\/es\/wp-json\/wp\/v2\/users\/11"}],"replies":[{"embeddable":true,"href":"https:\/\/www.masreservas.net\/es\/wp-json\/wp\/v2\/comments?post=8906"}],"version-history":[{"count":14,"href":"https:\/\/www.masreservas.net\/es\/wp-json\/wp\/v2\/pages\/8906\/revisions"}],"predecessor-version":[{"id":10324,"href":"https:\/\/www.masreservas.net\/es\/wp-json\/wp\/v2\/pages\/8906\/revisions\/10324"}],"up":[{"embeddable":true,"href":"https:\/\/www.masreservas.net\/es\/wp-json\/wp\/v2\/pages\/47"}],"wp:attachment":[{"href":"https:\/\/www.masreservas.net\/es\/wp-json\/wp\/v2\/media?parent=8906"}],"curies":[{"name":"wp","href":"https:\/\/api.w.org\/{rel}","templated":true}]}}