{"id":8913,"date":"2023-03-18T02:35:11","date_gmt":"2023-03-18T02:35:11","guid":{"rendered":"https:\/\/www.masreservas.net\/?page_id=8913"},"modified":"2023-12-03T21:33:45","modified_gmt":"2023-12-03T21:33:45","slug":"social-media-enhencement","status":"publish","type":"page","link":"https:\/\/www.masreservas.net\/es\/services\/social-media-enhencement\/","title":{"rendered":"Mejora de las redes sociales"},"content":{"rendered":"<section class=\"wpb-content-wrapper\"><div class=\"vc_row wpb_row vc_row-fluid vc_custom_1690310097381 vc_row-o-equal-height vc_row-o-content-middle vc_row-flex\"><div class=\"wpb_column vc_column_container vc_col-sm-12\"><div class=\"vc_column-inner\"><div class=\"wpb_wrapper\"><div id=\"ultimate-heading-340569f27395a4664\" class=\"uvc-heading ult-adjust-bottom-margin ultimate-heading-340569f27395a4664 uvc-3721\" data-hspacer=\"no_spacer\"  data-halign=\"center\" style=\"text-align:center\"><div class=\"uvc-heading-spacer no_spacer\" style=\"top\"><\/div><div class=\"uvc-main-heading ult-responsive\"  data-ultimate-target='.uvc-heading.ultimate-heading-340569f27395a4664 h2'  data-responsive-json-new='{\"font-size\":\"desktop:60px;\",\"line-height\":\"desktop:70px;\"}' ><h2 style=\"font-family:&#039;Raleway&#039;;font-weight:bold;color:#70665e;margin-bottom:35px;\">Mejora de las redes sociales<\/h2><\/div><div class=\"uvc-sub-heading ult-responsive\"  data-ultimate-target='.uvc-heading.ultimate-heading-340569f27395a4664 .uvc-sub-heading '  data-responsive-json-new='{\"font-size\":\"desktop:20px;\",\"line-height\":\"desktop:32px;\"}'  style=\"font-family:&#039;Raleway&#039;;font-weight:normal;color:#70665e;margin-bottom:35px;\">Brindamos sistemas que facilitan los procesos de automatizaci\u00f3n, asegurando un flujo constante de informaci\u00f3n en sus canales de redes sociales. Al involucrarnos de manera efectiva con su p\u00fablico objetivo, generamos m\u00e1s reservas directas para su hotel.<\/div><\/div><\/div><\/div><\/div><\/div><div class=\"vc_row wpb_row vc_row-fluid vc_custom_1690321208648 vc_row-has-fill vc_row-o-full-height vc_row-o-columns-top vc_row-o-equal-height vc_row-o-content-middle vc_row-flex\"><div class=\"wpb_column vc_column_container vc_col-sm-6\"><div class=\"vc_column-inner\"><div class=\"wpb_wrapper\"><div class=\"aio-icon-component  vc_custom_1690323772174  color-title accent-icon-bg style_1\"><div id=\"Info-box-wrap-2150\" class=\"aio-icon-box left-icon\" style=\"\"  ><div class=\"aio-icon-left\"><div class=\"ult-just-icon-wrapper\"><div class=\"align-icon\" style=\"text-align:center;\">\n<div class=\"aio-icon circle\"  style=\"color:#ffffff;background:#70665e;font-size:36px;display:inline-block;\">\n\t<i class=\"fas fa-pencil-ruler\"><\/i>\n<\/div><\/div><\/div><\/div><div class=\"aio-ibd-block\"><div class=\"aio-icon-header\" ><h3 class=\"aio-icon-title ult-responsive\"  data-ultimate-target='#Info-box-wrap-2150 .aio-icon-title'  data-responsive-json-new='{\"font-size\":\"desktop:24px;\",\"line-height\":\"desktop:34px;\"}'  style=\"font-family:&#039;Raleway&#039;;font-weight:bold;\">Creaci\u00f3n de contenido personalizado<\/h3><\/div> <!-- header --><\/div> <!-- aio-ibd-block --><\/div> <!-- aio-icon-box --><\/div> <!-- aio-icon-component -->\n\t<div class=\"wpb_text_column wpb_content_element\" >\n\t\t<div class=\"wpb_wrapper\">\n\t\t\t<p>Nuestros h\u00e1biles creadores de contenido entienden la importancia de crear publicaciones atractivas en las redes sociales. Adaptaremos el contenido para resonar con su p\u00fablico objetivo, captando la atenci\u00f3n y fomentando conexiones significativas.<\/p>\n\n\t\t<\/div>\n\t<\/div>\n<div class=\"aio-icon-component  vc_custom_1690402137891  color-title accent-icon-bg style_1\"><div id=\"Info-box-wrap-1428\" class=\"aio-icon-box left-icon\" style=\"\"  ><div class=\"aio-icon-left\"><div class=\"ult-just-icon-wrapper\"><div class=\"align-icon\" style=\"text-align:center;\">\n<div class=\"aio-icon circle\"  style=\"color:#ffffff;background:#70665e;font-size:36px;display:inline-block;\">\n\t<i class=\"fas fa-chess-knight\"><\/i>\n<\/div><\/div><\/div><\/div><div class=\"aio-ibd-block\"><div class=\"aio-icon-header\" ><h3 class=\"aio-icon-title ult-responsive\"  data-ultimate-target='#Info-box-wrap-1428 .aio-icon-title'  data-responsive-json-new='{\"font-size\":\"desktop:24px;\",\"line-height\":\"desktop:34px;\"}'  style=\"font-family:&#039;Raleway&#039;;font-weight:bold;\">Manejo Estrat\u00e9gico de Redes Sociales<\/h3><\/div> <!-- header --><\/div> <!-- aio-ibd-block --><\/div> <!-- aio-icon-box --><\/div> <!-- aio-icon-component -->\n\t<div class=\"wpb_text_column wpb_content_element\" >\n\t\t<div class=\"wpb_wrapper\">\n\t\t\t<p>Una s\u00f3lida estrategia de redes sociales es vital para conectarse con su audiencia y generar seguidores leales. Lo ayudaremos a crear un plan personalizado alineado con los objetivos de su hotel, maximizando el compromiso y las reservas.<\/p>\n\n\t\t<\/div>\n\t<\/div>\n<div class=\"aio-icon-component    style_1\"><div id=\"Info-box-wrap-6730\" class=\"aio-icon-box default-icon\" style=\"\"  ><\/div> <!-- aio-icon-box --><\/div> <!-- aio-icon-component --><\/div><\/div><\/div><div class=\"wpb_column vc_column_container vc_col-sm-6\"><div class=\"vc_column-inner\"><div class=\"wpb_wrapper\"><div class=\"aio-icon-component  vc_custom_1690402331424  color-title accent-icon-bg style_1\"><div id=\"Info-box-wrap-8830\" class=\"aio-icon-box left-icon\" style=\"\"  ><div class=\"aio-icon-left\"><div class=\"ult-just-icon-wrapper\"><div class=\"align-icon\" style=\"text-align:center;\">\n<div class=\"aio-icon circle\"  style=\"color:#ffffff;background:#70665e;font-size:36px;display:inline-block;\">\n\t<i class=\"fas fa-cogs\"><\/i>\n<\/div><\/div><\/div><\/div><div class=\"aio-ibd-block\"><div class=\"aio-icon-header\" ><h3 class=\"aio-icon-title ult-responsive\"  data-ultimate-target='#Info-box-wrap-8830 .aio-icon-title'  data-responsive-json-new='{\"font-size\":\"desktop:24px;\",\"line-height\":\"desktop:34px;\"}'  style=\"font-family:&#039;Raleway&#039;;font-weight:bold;\">Automatizaci\u00f3n perfecta de redes sociales<\/h3><\/div> <!-- header --><\/div> <!-- aio-ibd-block --><\/div> <!-- aio-icon-box --><\/div> <!-- aio-icon-component -->\n\t<div class=\"wpb_text_column wpb_content_element\" >\n\t\t<div class=\"wpb_wrapper\">\n\t\t\t<p>Administrar su presencia en las redes sociales puede llevar mucho tiempo. Nuestras herramientas de automatizaci\u00f3n agilizar\u00e1n el proceso al programar las publicaciones con anticipaci\u00f3n, asegurando que su presencia en l\u00ednea permanezca activa y atractiva incluso durante las horas pico.<\/p>\n\n\t\t<\/div>\n\t<\/div>\n<div class=\"aio-icon-component  vc_custom_1690402418348  color-title accent-icon-bg style_1\"><div id=\"Info-box-wrap-5330\" class=\"aio-icon-box left-icon\" style=\"\"  ><div class=\"aio-icon-left\"><div class=\"ult-just-icon-wrapper\"><div class=\"align-icon\" style=\"text-align:center;\">\n<div class=\"aio-icon circle\"  style=\"color:#ffffff;background:#70665e;font-size:36px;display:inline-block;\">\n\t<i class=\"far fa-images\"><\/i>\n<\/div><\/div><\/div><\/div><div class=\"aio-ibd-block\"><div class=\"aio-icon-header\" ><h3 class=\"aio-icon-title ult-responsive\"  data-ultimate-target='#Info-box-wrap-5330 .aio-icon-title'  data-responsive-json-new='{\"font-size\":\"desktop:24px;\",\"line-height\":\"desktop:34px;\"}'  style=\"font-family:&#039;Raleway&#039;;font-weight:bold;\">Engaging Images &amp; Captivating Writing<\/h3><\/div> <!-- header --><\/div> <!-- aio-ibd-block --><\/div> <!-- aio-icon-box --><\/div> <!-- aio-icon-component -->\n\t<div class=\"wpb_text_column wpb_content_element\" >\n\t\t<div class=\"wpb_wrapper\">\n\t\t\t<p>Las im\u00e1genes llamativas y la escritura persuasiva son esenciales para cautivar a su audiencia. Nuestro equipo lo guiar\u00e1 en la creaci\u00f3n de contenido visualmente atractivo que cuente la historia \u00fanica de su hotel y la acci\u00f3n convincente.<\/p>\n\n\t\t<\/div>\n\t<\/div>\n<\/div><\/div><\/div><\/div><!-- Row Backgrounds --><div class=\"upb_color\" data-bg-override=\"ex-full\" data-bg-color=\"#ffffff\" data-fadeout=\"\" data-fadeout-percentage=\"30\" data-parallax-content=\"\" data-parallax-content-sense=\"30\" data-row-effect-mobile-disable=\"true\" data-img-parallax-mobile-disable=\"true\" data-rtl=\"false\"  data-custom-vc-row=\"\"  data-vc=\"6.10.0\"  data-is_old_vc=\"\"  data-theme-support=\"\"   data-overlay=\"false\" data-overlay-color=\"\" data-overlay-pattern=\"\" data-overlay-pattern-opacity=\"\" data-overlay-pattern-size=\"\"    ><\/div><div class=\"vc_row wpb_row vc_row-fluid vc_custom_1690318597464 vc_row-has-fill vc_row-o-equal-height vc_row-o-content-middle vc_row-flex\"><div class=\"wpb_column vc_column_container vc_col-sm-12\"><div class=\"vc_column-inner\"><div class=\"wpb_wrapper\"><style type=\"text\/css\" data-type=\"the7_shortcodes-inline-css\">#default-btn-2d6b67740ccbb1ff4960ea97de618c33.ico-right-side > i {\n  margin-right: 0px;\n  margin-left: 8px;\n}\n#default-btn-2d6b67740ccbb1ff4960ea97de618c33 > i {\n  margin-right: 8px;\n}\n<\/style><div class=\"btn-align-center\"><a href=\"https:\/\/www.masreservas.net\/es\/service-packages\/\" class=\"default-btn-shortcode dt-btn dt-btn-m link-hover-off  vc_custom_1690646401529\" target=\"_blank\" id=\"default-btn-2d6b67740ccbb1ff4960ea97de618c33\" title=\"paquetes-de-servicios\" rel=\"noopener\"><span>Consulta nuestros Precios<\/span><\/a><\/div><\/div><\/div><\/div><\/div><!-- Row Backgrounds --><div class=\"upb_color\" data-bg-override=\"ex-full\" data-bg-color=\"#ffffff\" data-fadeout=\"\" data-fadeout-percentage=\"30\" data-parallax-content=\"\" data-parallax-content-sense=\"30\" data-row-effect-mobile-disable=\"true\" data-img-parallax-mobile-disable=\"true\" data-rtl=\"false\"  data-custom-vc-row=\"\"  data-vc=\"6.10.0\"  data-is_old_vc=\"\"  data-theme-support=\"\"   data-overlay=\"false\" data-overlay-color=\"\" data-overlay-pattern=\"\" data-overlay-pattern-opacity=\"\" data-overlay-pattern-size=\"\"    ><\/div>\n<\/section>","protected":false},"excerpt":{"rendered":"<p>Social Media EnhencementWe provide systems that facilitate automation processes, ensuring a consistent flow of information on your social media channels. By engaging effectively with your target audience, we generate more direct bookings for your hotel. Custom Content Creation Our skilled content creators understand the importance of crafting engaging social media posts. We&#8217;ll tailor content to&hellip;<\/p>","protected":false},"author":11,"featured_media":0,"parent":47,"menu_order":10,"comment_status":"closed","ping_status":"closed","template":"","meta":{"footnotes":""},"class_list":["post-8913","page","type-page","status-publish","hentry","description-off"],"_links":{"self":[{"href":"https:\/\/www.masreservas.net\/es\/wp-json\/wp\/v2\/pages\/8913"}],"collection":[{"href":"https:\/\/www.masreservas.net\/es\/wp-json\/wp\/v2\/pages"}],"about":[{"href":"https:\/\/www.masreservas.net\/es\/wp-json\/wp\/v2\/types\/page"}],"author":[{"embeddable":true,"href":"https:\/\/www.masreservas.net\/es\/wp-json\/wp\/v2\/users\/11"}],"replies":[{"embeddable":true,"href":"https:\/\/www.masreservas.net\/es\/wp-json\/wp\/v2\/comments?post=8913"}],"version-history":[{"count":10,"href":"https:\/\/www.masreservas.net\/es\/wp-json\/wp\/v2\/pages\/8913\/revisions"}],"predecessor-version":[{"id":10325,"href":"https:\/\/www.masreservas.net\/es\/wp-json\/wp\/v2\/pages\/8913\/revisions\/10325"}],"up":[{"embeddable":true,"href":"https:\/\/www.masreservas.net\/es\/wp-json\/wp\/v2\/pages\/47"}],"wp:attachment":[{"href":"https:\/\/www.masreservas.net\/es\/wp-json\/wp\/v2\/media?parent=8913"}],"curies":[{"name":"wp","href":"https:\/\/api.w.org\/{rel}","templated":true}]}}