{"id":9676,"date":"2023-07-25T22:36:59","date_gmt":"2023-07-25T22:36:59","guid":{"rendered":"https:\/\/www.masreservas.net\/?page_id=9676"},"modified":"2023-12-03T21:33:32","modified_gmt":"2023-12-03T21:33:32","slug":"additional-services","status":"publish","type":"page","link":"https:\/\/www.masreservas.net\/es\/services\/additional-services\/","title":{"rendered":"Servicios adicionales"},"content":{"rendered":"<section class=\"wpb-content-wrapper\"><div class=\"vc_row wpb_row vc_row-fluid vc_custom_1690310097381 vc_row-o-equal-height vc_row-o-content-middle vc_row-flex\"><div class=\"wpb_column vc_column_container vc_col-sm-12\"><div class=\"vc_column-inner\"><div class=\"wpb_wrapper\"><div id=\"ultimate-heading-783169f2740455be7\" class=\"uvc-heading ult-adjust-bottom-margin ultimate-heading-783169f2740455be7 uvc-4958\" data-hspacer=\"no_spacer\"  data-halign=\"center\" style=\"text-align:center\"><div class=\"uvc-heading-spacer no_spacer\" style=\"top\"><\/div><div class=\"uvc-main-heading ult-responsive\"  data-ultimate-target='.uvc-heading.ultimate-heading-783169f2740455be7 h2'  data-responsive-json-new='{\"font-size\":\"desktop:60px;\",\"line-height\":\"desktop:70px;\"}' ><h2 style=\"font-family:&#039;Raleway&#039;;font-weight:bold;color:#70665e;margin-bottom:35px;\">Servicios adicionales<\/h2><\/div><div class=\"uvc-sub-heading ult-responsive\"  data-ultimate-target='.uvc-heading.ultimate-heading-783169f2740455be7 .uvc-sub-heading '  data-responsive-json-new='{\"font-size\":\"desktop:20px;\",\"line-height\":\"desktop:32px;\"}'  style=\"font-family:&#039;Raleway&#039;;font-weight:normal;color:#70665e;margin-bottom:35px;\">Mejore nuestros paquetes con una gama de servicios adicionales disponibles, brindando a\u00fan m\u00e1s posibilidades de optimizaci\u00f3n y personalizaci\u00f3n para satisfacer sus necesidades \u00fanicas.<\/div><\/div><\/div><\/div><\/div><\/div><div class=\"vc_row wpb_row vc_row-fluid vc_custom_1690325256556 vc_row-has-fill vc_row-o-full-height vc_row-o-columns-top vc_row-o-equal-height vc_row-o-content-top vc_row-flex\"><div class=\"wpb_column vc_column_container vc_col-sm-6\"><div class=\"vc_column-inner\"><div class=\"wpb_wrapper\"><div class=\"aio-icon-component  vc_custom_1690402445838  color-title accent-icon-bg style_1\"><div id=\"Info-box-wrap-7427\" class=\"aio-icon-box left-icon\" style=\"\"  ><div class=\"aio-icon-left\"><div class=\"ult-just-icon-wrapper\"><div class=\"align-icon\" style=\"text-align:center;\">\n<div class=\"aio-icon circle\"  style=\"color:#ffffff;background:#70665e;font-size:36px;display:inline-block;\">\n\t<i class=\"fas fa-language\"><\/i>\n<\/div><\/div><\/div><\/div><div class=\"aio-ibd-block\"><div class=\"aio-icon-header\" ><h3 class=\"aio-icon-title ult-responsive\"  data-ultimate-target='#Info-box-wrap-7427 .aio-icon-title'  data-responsive-json-new='{\"font-size\":\"desktop:24px;\",\"line-height\":\"desktop:34px;\"}'  style=\"font-family:&#039;Raleway&#039;;font-weight:bold;\">Sitio web multiling\u00fce<\/h3><\/div> <!-- header --><\/div> <!-- aio-ibd-block --><\/div> <!-- aio-icon-box --><\/div> <!-- aio-icon-component -->\n\t<div class=\"wpb_text_column wpb_content_element\" >\n\t\t<div class=\"wpb_wrapper\">\n\t\t\t<p>Traduzca el contenido del sitio web a varios idiomas para una audiencia internacional m\u00e1s amplia. Implemente funciones de selecci\u00f3n de idioma, lo que permite a los usuarios cambiar entre versiones. Localice el contenido para relevancia cultural y resonancia.<\/p>\n\n\t\t<\/div>\n\t<\/div>\n<style type=\"text\/css\" data-type=\"the7_shortcodes-inline-css\">#default-btn-db57234d43a368f234f727173953bbc4.ico-right-side > i {\n  margin-right: 0px;\n  margin-left: 8px;\n}\n#default-btn-db57234d43a368f234f727173953bbc4 > i {\n  margin-right: 8px;\n}\n<\/style><a href=\"https:\/\/www.masreservas.net\/es\/additional-services\/\" class=\"default-btn-shortcode dt-btn dt-btn-m link-hover-off btn-inline-left  vc_custom_1690646296348\" target=\"_blank\" id=\"default-btn-db57234d43a368f234f727173953bbc4\" title=\"precios-servicios-adicionales\" rel=\"noopener\"><span>Consulta nuestros Precios<\/span><\/a><div class=\"aio-icon-component  vc_custom_1690402471161  color-title accent-icon-bg style_1\"><div id=\"Info-box-wrap-1704\" class=\"aio-icon-box left-icon\" style=\"\"  ><div class=\"aio-icon-left\"><div class=\"ult-just-icon-wrapper\"><div class=\"align-icon\" style=\"text-align:center;\">\n<div class=\"aio-icon circle\"  style=\"color:#ffffff;background:#70665e;font-size:36px;display:inline-block;\">\n\t<i class=\"fas fa-photo-video\"><\/i>\n<\/div><\/div><\/div><\/div><div class=\"aio-ibd-block\"><div class=\"aio-icon-header\" ><h3 class=\"aio-icon-title ult-responsive\"  data-ultimate-target='#Info-box-wrap-1704 .aio-icon-title'  data-responsive-json-new='{\"font-size\":\"desktop:24px;\",\"line-height\":\"desktop:34px;\"}'  style=\"font-family:&#039;Raleway&#039;;font-weight:bold;\">Servicios de video, fotograf\u00eda y drones<\/h3><\/div> <!-- header --><\/div> <!-- aio-ibd-block --><\/div> <!-- aio-icon-box --><\/div> <!-- aio-icon-component -->\n\t<div class=\"wpb_text_column wpb_content_element\" >\n\t\t<div class=\"wpb_wrapper\">\n\t\t\t<p>Ofrecemos videograf\u00eda y fotograf\u00eda de calidad para las instalaciones y atracciones del hotel. Los videos promocionales destacan caracter\u00edsticas \u00fanicas, con contenido atractivo en su sitio web y redes sociales, mejorando la experiencia del usuario y el SEO.<\/p>\n\n\t\t<\/div>\n\t<\/div>\n<style type=\"text\/css\" data-type=\"the7_shortcodes-inline-css\">#default-btn-7c773ce2aa127add508b6ed1010ce148.ico-right-side > i {\n  margin-right: 0px;\n  margin-left: 8px;\n}\n#default-btn-7c773ce2aa127add508b6ed1010ce148 > i {\n  margin-right: 8px;\n}\n<\/style><a href=\"https:\/\/www.masreservas.net\/es\/additional-services\/\" class=\"default-btn-shortcode dt-btn dt-btn-m link-hover-off btn-inline-left  vc_custom_1690646325351\" target=\"_blank\" id=\"default-btn-7c773ce2aa127add508b6ed1010ce148\" title=\"precios-servicios-adicionales\" rel=\"noopener\"><span>Consulta nuestros Precios<\/span><\/a><div class=\"aio-icon-component  vc_custom_1690402520338  color-title accent-icon-bg style_1\"><div id=\"Info-box-wrap-9706\" class=\"aio-icon-box left-icon\" style=\"\"  ><div class=\"aio-icon-left\"><div class=\"ult-just-icon-wrapper\"><div class=\"align-icon\" style=\"text-align:center;\">\n<div class=\"aio-icon circle\"  style=\"color:#ffffff;background:#70665e;font-size:36px;display:inline-block;\">\n\t<i class=\"fas fa-comments\"><\/i>\n<\/div><\/div><\/div><\/div><div class=\"aio-ibd-block\"><div class=\"aio-icon-header\" ><h3 class=\"aio-icon-title ult-responsive\"  data-ultimate-target='#Info-box-wrap-9706 .aio-icon-title'  data-responsive-json-new='{\"font-size\":\"desktop:24px;\",\"line-height\":\"desktop:34px;\"}'  style=\"font-family:&#039;Raleway&#039;;font-weight:bold;\">Integraci\u00f3n de la herramienta de comunicaci\u00f3n con los hu\u00e9spedes del hotel<\/h3><\/div> <!-- header --><\/div> <!-- aio-ibd-block --><\/div> <!-- aio-icon-box --><\/div> <!-- aio-icon-component -->\n\t<div class=\"wpb_text_column wpb_content_element\" >\n\t\t<div class=\"wpb_wrapper\">\n\t\t\t<p>Interact\u00fae con sus hu\u00e9spedes a trav\u00e9s de una comunicaci\u00f3n digital personalizada, desde el momento de la reserva hasta despu\u00e9s del check-out, para aumentar los ingresos. Integre perfectamente nuestra herramienta de comunicaci\u00f3n con los hu\u00e9spedes en las operaciones de su hotel.<\/p>\n\n\t\t<\/div>\n\t<\/div>\n<style type=\"text\/css\" data-type=\"the7_shortcodes-inline-css\">#default-btn-7c773ce2aa127add508b6ed1010ce148.ico-right-side > i {\n  margin-right: 0px;\n  margin-left: 8px;\n}\n#default-btn-7c773ce2aa127add508b6ed1010ce148 > i {\n  margin-right: 8px;\n}\n<\/style><a href=\"https:\/\/www.masreservas.net\/es\/additional-services\/\" class=\"default-btn-shortcode dt-btn dt-btn-m link-hover-off btn-inline-left  vc_custom_1690646325351\" target=\"_blank\" id=\"default-btn-7c773ce2aa127add508b6ed1010ce148\" title=\"precios-servicios-adicionales\" rel=\"noopener\"><span>Consulta nuestros Precios<\/span><\/a><div class=\"aio-icon-component    style_1\"><div id=\"Info-box-wrap-9364\" class=\"aio-icon-box default-icon\" style=\"\"  ><\/div> <!-- aio-icon-box --><\/div> <!-- aio-icon-component --><\/div><\/div><\/div><div class=\"wpb_column vc_column_container vc_col-sm-6\"><div class=\"vc_column-inner\"><div class=\"wpb_wrapper\"><div class=\"aio-icon-component  vc_custom_1690402555200  color-title accent-icon-bg style_1\"><div id=\"Info-box-wrap-4938\" class=\"aio-icon-box left-icon\" style=\"\"  ><div class=\"aio-icon-left\"><div class=\"ult-just-icon-wrapper\"><div class=\"align-icon\" style=\"text-align:center;\">\n<div class=\"aio-icon circle\"  style=\"color:#ffffff;background:#70665e;font-size:36px;display:inline-block;\">\n\t<i class=\"icomoon-free-social-contact-16x16-facebook\"><\/i>\n<\/div><\/div><\/div><\/div><div class=\"aio-ibd-block\"><div class=\"aio-icon-header\" ><h3 class=\"aio-icon-title ult-responsive\"  data-ultimate-target='#Info-box-wrap-4938 .aio-icon-title'  data-responsive-json-new='{\"font-size\":\"desktop:24px;\",\"line-height\":\"desktop:34px;\"}'  style=\"font-family:&#039;Raleway&#039;;font-weight:bold;\">Redes Sociales y Promoci\u00f3n de Eventos<\/h3><\/div> <!-- header --><\/div> <!-- aio-ibd-block --><\/div> <!-- aio-icon-box --><\/div> <!-- aio-icon-component -->\n\t<div class=\"wpb_text_column wpb_content_element\" >\n\t\t<div class=\"wpb_wrapper\">\n\t\t\t<p>Con nuestros servicios de promoci\u00f3n de eventos y redes sociales, los hoteles pueden establecer una s\u00f3lida presencia en l\u00ednea, interactuar de manera efectiva con hu\u00e9spedes potenciales y garantizar una promoci\u00f3n de eventos exitosa. Al aprovechar las plataformas de redes sociales y la orientaci\u00f3n de expertos, los hoteles pueden ampliar su alcance, aumentar la asistencia a eventos y crear experiencias memorables que dejen una impresi\u00f3n duradera en los hu\u00e9spedes.<\/p>\n<p class=\" translation-block\"><strong>Presencia atractiva en las redes sociales:<\/strong> configuramos y administramos atractivos perfiles de redes sociales para hoteles en plataformas como Facebook, Instagram y Twitter. Nuestro equipo de expertos crea contenido atractivo, que incluye im\u00e1genes llamativas y subt\u00edtulos cautivadores, para atraer y cautivar a los hu\u00e9spedes potenciales. Mantener una presencia activa en las redes sociales permite a los hoteles promocionar de manera efectiva sus instalaciones, servicios y ofertas especiales, creando una fuerte presencia en l\u00ednea y generando seguidores leales.<\/p>\n<p class=\" translation-block\"><strong>Capacitaci\u00f3n y soporte en redes sociales:<\/strong> Brindamos capacitaci\u00f3n y orientaci\u00f3n integrales al personal del hotel sobre el uso efectivo de las plataformas de redes sociales para promover eventos e interactuar con los hu\u00e9spedes. Nuestro equipo equipa al personal del hotel con valiosos conocimientos y consejos pr\u00e1cticos sobre la creaci\u00f3n de contenido, la programaci\u00f3n de publicaciones, la gesti\u00f3n de la comunidad y la supervisi\u00f3n. Al empoderar a los hoteles con experiencia en redes sociales, les permitimos administrar de manera independiente su presencia en l\u00ednea, conectarse con su p\u00fablico objetivo y maximizar el impacto de las promociones de sus eventos.<\/p>\n<p class=\" translation-block\"><strong>Capacitaci\u00f3n y soporte en redes sociales:<\/strong> Brindamos capacitaci\u00f3n y orientaci\u00f3n integrales al personal del hotel sobre el uso efectivo de las plataformas de redes sociales para promover eventos e interactuar con los hu\u00e9spedes. Nuestro equipo equipa al personal del hotel con valiosos conocimientos y consejos pr\u00e1cticos sobre la creaci\u00f3n de contenido, la programaci\u00f3n de publicaciones, la gesti\u00f3n de la comunidad y la supervisi\u00f3n. Al empoderar a los hoteles con experiencia en redes sociales, les permitimos administrar de manera independiente su presencia en l\u00ednea, conectarse con su p\u00fablico objetivo y maximizar el impacto de las promociones de sus eventos.<\/p>\n\n\t\t<\/div>\n\t<\/div>\n<style type=\"text\/css\" data-type=\"the7_shortcodes-inline-css\">#default-btn-7c773ce2aa127add508b6ed1010ce148.ico-right-side > i {\n  margin-right: 0px;\n  margin-left: 8px;\n}\n#default-btn-7c773ce2aa127add508b6ed1010ce148 > i {\n  margin-right: 8px;\n}\n<\/style><a href=\"https:\/\/www.masreservas.net\/es\/additional-services\/\" class=\"default-btn-shortcode dt-btn dt-btn-m link-hover-off btn-inline-left  vc_custom_1690646325351\" target=\"_blank\" id=\"default-btn-7c773ce2aa127add508b6ed1010ce148\" title=\"precios-servicios-adicionales\" rel=\"noopener\"><span>Consulta nuestros Precios<\/span><\/a><\/div><\/div><\/div><\/div><!-- Row Backgrounds --><div class=\"upb_color\" data-bg-override=\"ex-full\" data-bg-color=\"#ffffff\" data-fadeout=\"\" data-fadeout-percentage=\"30\" data-parallax-content=\"\" data-parallax-content-sense=\"30\" data-row-effect-mobile-disable=\"true\" data-img-parallax-mobile-disable=\"true\" data-rtl=\"false\"  data-custom-vc-row=\"\"  data-vc=\"6.10.0\"  data-is_old_vc=\"\"  data-theme-support=\"\"   data-overlay=\"false\" data-overlay-color=\"\" data-overlay-pattern=\"\" data-overlay-pattern-opacity=\"\" data-overlay-pattern-size=\"\"    ><\/div>\n<\/section>","protected":false},"excerpt":{"rendered":"<p>Additional ServicesEnhance our packages with a range of available additional services, providing even more possibilities for optimization and customization to meet your unique needs. Multilingual Website Translate website content into multiple languages for a broader international audience. Implement language selection features, allowing users to switch between versions. Localize content for cultural relevance and resonance. Video,&hellip;<\/p>","protected":false},"author":11,"featured_media":0,"parent":47,"menu_order":10,"comment_status":"closed","ping_status":"closed","template":"","meta":{"footnotes":""},"class_list":["post-9676","page","type-page","status-publish","hentry","description-off"],"_links":{"self":[{"href":"https:\/\/www.masreservas.net\/es\/wp-json\/wp\/v2\/pages\/9676"}],"collection":[{"href":"https:\/\/www.masreservas.net\/es\/wp-json\/wp\/v2\/pages"}],"about":[{"href":"https:\/\/www.masreservas.net\/es\/wp-json\/wp\/v2\/types\/page"}],"author":[{"embeddable":true,"href":"https:\/\/www.masreservas.net\/es\/wp-json\/wp\/v2\/users\/11"}],"replies":[{"embeddable":true,"href":"https:\/\/www.masreservas.net\/es\/wp-json\/wp\/v2\/comments?post=9676"}],"version-history":[{"count":17,"href":"https:\/\/www.masreservas.net\/es\/wp-json\/wp\/v2\/pages\/9676\/revisions"}],"predecessor-version":[{"id":10329,"href":"https:\/\/www.masreservas.net\/es\/wp-json\/wp\/v2\/pages\/9676\/revisions\/10329"}],"up":[{"embeddable":true,"href":"https:\/\/www.masreservas.net\/es\/wp-json\/wp\/v2\/pages\/47"}],"wp:attachment":[{"href":"https:\/\/www.masreservas.net\/es\/wp-json\/wp\/v2\/media?parent=9676"}],"curies":[{"name":"wp","href":"https:\/\/api.w.org\/{rel}","templated":true}]}}