{"id":9752,"date":"2023-07-27T16:26:42","date_gmt":"2023-07-27T16:26:42","guid":{"rendered":"https:\/\/www.masreservas.net\/?page_id=9752"},"modified":"2023-12-03T21:34:07","modified_gmt":"2023-12-03T21:34:07","slug":"service-packages","status":"publish","type":"page","link":"https:\/\/www.masreservas.net\/es\/service-packages\/","title":{"rendered":"Paquetes de servicios"},"content":{"rendered":"<section class=\"wpb-content-wrapper\"><div class=\"vc_row wpb_row vc_row-fluid vc_custom_1690573570367 vc_row-has-fill\"><div class=\"wpb_column vc_column_container vc_col-sm-12\"><div class=\"vc_column-inner\"><div class=\"wpb_wrapper\"><div id=\"ultimate-heading-595069f2739345254\" class=\"uvc-heading ult-adjust-bottom-margin ultimate-heading-595069f2739345254 uvc-9260\" data-hspacer=\"no_spacer\"  data-halign=\"center\" style=\"text-align:center\"><div class=\"uvc-heading-spacer no_spacer\" style=\"top\"><\/div><div class=\"uvc-main-heading ult-responsive\"  data-ultimate-target='.uvc-heading.ultimate-heading-595069f2739345254 h2'  data-responsive-json-new='{\"font-size\":\"desktop:60px;\",\"line-height\":\"desktop:70px;\"}' ><h2 style=\"font-family:&#039;Raleway&#039;;--font-weight:theme;margin-bottom:25px;\">Paquetes de servicios<\/h2><\/div><div class=\"uvc-sub-heading ult-responsive\"  data-ultimate-target='.uvc-heading.ultimate-heading-595069f2739345254 .uvc-sub-heading '  data-responsive-json-new='{\"font-size\":\"desktop:20px;\",\"line-height\":\"desktop:32px;\"}'  style=\"font-family:&#039;Raleway&#039;;font-weight:normal;\">Elija el paquete que funcione para usted. Con nuestra gama de paquetes de marketing en l\u00ednea, usted tiene el control. Ya sea que administre una posada boutique o un resort de lujo, hay un paquete personalizado esper\u00e1ndolo. Con nuestra ayuda, aumentar\u00e1 su presencia en l\u00ednea y se asegurar\u00e1 de que su hotel se destaque entre la multitud.<\/div><\/div><\/div><\/div><\/div><\/div><!-- Row Backgrounds --><div class=\"upb_color\" data-bg-override=\"ex-full\" data-bg-color=\"#cec4bd\" data-fadeout=\"\" data-fadeout-percentage=\"30\" data-parallax-content=\"\" data-parallax-content-sense=\"30\" data-row-effect-mobile-disable=\"true\" data-img-parallax-mobile-disable=\"true\" data-rtl=\"false\"  data-custom-vc-row=\"\"  data-vc=\"6.10.0\"  data-is_old_vc=\"\"  data-theme-support=\"\"   data-overlay=\"false\" data-overlay-color=\"\" data-overlay-pattern=\"\" data-overlay-pattern-opacity=\"\" data-overlay-pattern-size=\"\"    ><\/div><div class=\"vc_row wpb_row vc_row-fluid vc_custom_1690571709041 vc_row-has-fill\"><div class=\"wpb_column vc_column_container vc_col-sm-12\"><div class=\"vc_column-inner\"><div class=\"wpb_wrapper\"><div class=\"ult_pricing_table_wrap ult_design_3  ult-cs-custom   vc_custom_1694278672196\">\n\t\t\t\t\t<div class=\"ult_pricing_table\" style=\"background:#ffffff;color:#70665e;\"><div id=\"price-table-wrap-9259\" class=\"ult_pricing_heading\">\n\t\t\t\t\t\t\t<h2 class=\"price-heading ult-responsive cust-headformat\"  data-ultimate-target='#price-table-wrap-9259 .cust-headformat'  data-responsive-json-new='{\"font-size\":\"desktop:34px;\",\"line-height\":\"desktop:44px;\"}'  style=\"font-family:&#039;Raleway&#039;;font-weight:700;color:#70665e;\">Precios en US$<\/h2><\/div><!--ult_pricing_heading--><div class=\"ult_price_body_block\" style=\"background:#ffffff;color:#70665e;\">\n\t\t\t\t\t\t\t<div class=\"ult_price_body\">\n\t\t\t\t\t\t\t\t<div id=\"price-table-wrap-7212\"  class=\"ult_price\">\n\t\t\t\t\t\t\t\t\t<span  data-ultimate-target='#price-table-wrap-7212 .ult_price_figure'  data-responsive-json-new='{\"font-size\":\"desktop:20px;\",\"line-height\":\"desktop:32px;\"}'  class=\"ult_price_figure ult-responsive\" style=\"font-family:&#039;Raleway&#039;;font-weight:normal;color:#70665e;\"><\/span>\n\t\t\t\t\t\t\t\t\t<span  data-ultimate-target='#price-table-wrap-7212 .ult_price_term'  data-responsive-json-new='{\"font-size\":\"desktop:20px;\",\"line-height\":\"desktop:32px;\"}'  class=\"ult_price_term ult-responsive\" style=\"font-family:&#039;Raleway&#039;;font-weight:normal;color:#70665e;\"><\/span>\n\t\t\t\t\t\t\t\t<\/div>\n\t\t\t\t\t\t\t<\/div>\n\t\t\t\t\t\t<\/div><!--ult_price_body_block--><div id=\"price-table-features-wrap-2991\" class=\"ult_price_features ult-responsive\"  data-ultimate-target='#price-table-features-wrap-2991'  data-responsive-json-new='{\"font-size\":\"desktop:16px;\",\"line-height\":\"desktop:24px;\"}'  style=\"font-family:&#039;Raleway&#039;;font-weight:normal;color:#70665e;\">\n\t\t\t\t\t\t\t<table style=\"height: 742px;\" width=\"1216\">\n<tbody>\n<tr>\n<td width=\"231\">&#8211;<\/td>\n<td width=\"254\" class=\" translation-block\"><strong>Paquete 1<\/strong><br>\n<strong>Dominio est\u00e1ndar<br>\n<\/strong><strong>Potencial b\u00e1sico\u00a0<\/strong><br>\n<strong>SEO sin *Res. Sistema<\/strong><\/td>\n<td width=\"245\" class=\" translation-block\"><strong>Paquete 2<\/strong><br>\n<strong>Dominio est\u00e1ndar<br>\nFunciones mejoradas<br>\nSEO con *Res. Sistema<\/strong><\/td>\n<td width=\"247\" class=\" translation-block\"><strong>Paquete 3<\/strong><br>\n<strong>Dominio Premium<br>\nRendimiento \u00f3ptimo<br>\nSEO con *Res. Sistema<\/strong><\/td>\n<td width=\"257\" class=\" translation-block\"><strong>Paquete 4<\/strong><br>\n<strong>Dominio Premium<br>\nValor m\u00e1ximo<br>\nSEO con *Res. Sistema<\/strong><\/td>\n<\/tr>\n<tr>\n<td style=\"text-align: left;\"><strong>Precios Optimizaci\u00f3n SEO<\/strong><\/td>\n<td>$599\/mes<\/td>\n<td width=\"245\" class=\" translation-block\">$599\/mt. for 6 mt.<br>\r\nafter 6 mt. $0\/mt.<\/td>\n<td width=\"247\" class=\" translation-block\">$499 one time<br>\r\nafter the 2nd. till 5th. mt. $299<br>\r\nafter 6 mt. $0\/mt.<\/td>\n<td width=\"257\">$1499\/mes<\/td>\n<\/tr>\n<tr>\n<td style=\"text-align: left;\"><strong>*Sistema de reservaci\u00f3n:<\/strong><\/td>\n<td>&#8211;<\/td>\n<td width=\"245\">*Depende de la cantidad de habitaciones\/apartamentos (ver lista a continuaci\u00f3n)<\/td>\n<td width=\"247\">*Depende de la cantidad de habitaciones\/apartamentos (ver lista a continuaci\u00f3n)<\/td>\n<td width=\"257\">incluido<\/td>\n<\/tr>\n<tr>\n<td style=\"text-align: left;\" width=\"231\" class=\" translation-block\"><strong>Comisi\u00f3n:<\/strong><br>\n<strong>(cada reserva a trav\u00e9s del sitio web, n\u00famero de tel\u00e9fono y direcci\u00f3n de correo electr\u00f3nico del sitio web)<\/strong><\/td>\n<td>&#8211;<\/td>\n<td width=\"245\">10%<\/td>\n<td width=\"247\">10%<\/td>\n<td>no<\/td>\n<\/tr>\n<tr>\n<td style=\"text-align: left;\"><strong>Duraci\u00f3n m\u00ednima del acuerdo:<\/strong><\/td>\n<td width=\"254\">6 mes<\/td>\n<td width=\"245\">\u00a012 mes<\/td>\n<td width=\"247\">12 mes<\/td>\n<td width=\"257\">12 mes<\/td>\n<\/tr>\n<tr>\n<td colspan=\"5\">&#8211;<\/td>\n<\/tr>\n<tr>\n<td style=\"text-align: left;\"><strong>Ventajas:<\/strong><\/td>\n<td width=\"254\">Optimizaci\u00f3n de su sitio web para una mejor visibilidad en Google<\/td>\n<td width=\"245\">Combinaci\u00f3n de optimizaci\u00f3n de dominio y su propio sistema de reservas para resultados \u00f3ptimos<\/td>\n<td width=\"247\">Desarrollo m\u00e1s r\u00e1pido de la autoridad de dominio gracias a nuestro dominio establecido<\/td>\n<td width=\"257\">Desarrollo m\u00e1s r\u00e1pido de la autoridad de dominio gracias a nuestro dominio establecido<\/td>\n<\/tr>\n<tr>\n<td>&#8211;<\/td>\n<td width=\"254\">Resultados visibles en un plazo de 3 a 6 meses, con el objetivo de aumentar las tasas de reserva entre un 10 y un 20 %.<\/td>\n<td width=\"245\">Resultados visibles en 3-6 meses, con el objetivo de aumentar las tasas de reserva entre un 20-40%<\/td>\n<td width=\"247\">resultados visibles en s\u00f3lo 3-6 meses, con el mismo objetivo de aumentar las tasas de reserva entre un 20-40%<\/td>\n<td width=\"257\">resultados visibles en s\u00f3lo 3-6 meses, con el mismo objetivo de aumentar las tasas de reserva entre un 20-40%<\/td>\n<\/tr>\n<tr>\n<td>&#8211;<\/td>\n<td>&#8211;<\/td>\n<td width=\"245\">Sin tarifas por la pr\u00e1ctica continua de SEO despu\u00e9s de los 7 meses<\/td>\n<td width=\"247\">Sin tarifas por la pr\u00e1ctica continua de SEO despu\u00e9s de los 7 meses<\/td>\n<td width=\"257\">0.00% Comisi\u00f3n<\/td>\n<\/tr>\n<tr>\n<td>&#8211;<\/td>\n<td>&#8211;<\/td>\n<td width=\"245\">Tu propio sistema de reservas para un mayor control<\/td>\n<td width=\"247\">Tu propio sistema de reservas para un mayor control<\/td>\n<td width=\"257\">Tu propio sistema de reservas para un mayor control<\/td>\n<\/tr>\n<tr>\n<td style=\"text-align: left;\"><strong>Desventajas:<\/strong><\/td>\n<td width=\"254\">Dependencia de las principales plataformas online por la falta de un sistema de reservas propio<\/td>\n<td width=\"245\">\u00a0$599\/mes durante 6 meses, debido al tiempo que necesitamos para desarrollar la autoridad de dominio de su p\u00e1gina<\/td>\n<td>$499 pago \u00fanico<\/td>\n<td>Los costos mensuales son relativamente altos.<\/td>\n<\/tr>\n<tr>\n<td>&#8211;<\/td>\n<td width=\"254\">Desarrollo m\u00e1s lento de la autoridad del dominio ya que su sitio web carece de una base SEO estable.<\/td>\n<td><span style=\"text-decoration: line-through;\">&#8211;<\/span><\/td>\n<td>&#8211;<\/td>\n<td>&#8211;<\/td>\n<\/tr>\n<\/tbody>\n<\/table>\n<p>&nbsp;<\/p>\n<table width=\"1234\">\n<tbody>\n<tr>\n<td style=\"text-align: center;\" width=\"231\"><\/td>\n<td style=\"text-align: center;\" width=\"254\"><strong>*Res. sistema (tarifa mes):<\/strong><\/td>\n<td style=\"text-align: center;\" width=\"245\"><\/td>\n<td style=\"text-align: center;\" width=\"247\"><\/td>\n<td style=\"text-align: center;\" width=\"257\"><\/td>\n<\/tr>\n<tr>\n<td style=\"text-align: left;\" width=\"231\"><strong>*06 \u2013 10 Habitaciones:<\/strong><\/td>\n<td style=\"text-align: center;\" width=\"254\">179<\/td>\n<td style=\"text-align: center;\" width=\"245\"><\/td>\n<td style=\"text-align: center;\" width=\"247\"><\/td>\n<td style=\"text-align: center;\"><\/td>\n<\/tr>\n<tr>\n<td style=\"text-align: left;\" width=\"231\"><strong>*11 \u2013 15 Habitaciones:<\/strong><\/td>\n<td style=\"text-align: center;\" width=\"254\">189<\/td>\n<td width=\"245\"><\/td>\n<td width=\"247\"><\/td>\n<td><\/td>\n<\/tr>\n<tr>\n<td style=\"text-align: left;\" width=\"231\"><strong>*16 \u2013 20 Habitaciones:<\/strong><\/td>\n<td style=\"text-align: center;\" width=\"254\">235<\/td>\n<td style=\"text-align: center;\" width=\"245\"><\/td>\n<td style=\"text-align: center;\" width=\"247\"><\/td>\n<td style=\"text-align: center;\"><\/td>\n<\/tr>\n<tr>\n<td style=\"text-align: left;\" width=\"231\"><strong>*21 \u2013 30 Habitaciones:<\/strong><\/td>\n<td style=\"text-align: center;\" width=\"254\">249<\/td>\n<td style=\"text-align: center;\" width=\"245\"><\/td>\n<td style=\"text-align: center;\" width=\"247\"><\/td>\n<td style=\"text-align: center;\"><\/td>\n<\/tr>\n<tr>\n<td style=\"text-align: left;\" width=\"231\"><strong>*31 \u2013 40 Habitaciones:<\/strong><\/td>\n<td style=\"text-align: center;\" width=\"254\">285<\/td>\n<td style=\"text-align: center;\" width=\"245\"><\/td>\n<td style=\"text-align: center;\" width=\"247\"><\/td>\n<td style=\"text-align: center;\"><\/td>\n<\/tr>\n<tr>\n<td style=\"text-align: left;\" width=\"231\"><strong>*41 \u201350 Habitaciones:<\/strong><\/td>\n<td style=\"text-align: center;\" width=\"254\">309<\/td>\n<td style=\"text-align: center;\" width=\"245\"><\/td>\n<td style=\"text-align: center;\" width=\"247\"><\/td>\n<td style=\"text-align: center;\"><\/td>\n<\/tr>\n<\/tbody>\n<\/table>\n<p>&nbsp;<\/p>\n<p style=\"text-align: left;\">1. Tenga en cuenta que el marketing eficaz, incluidos los esfuerzos digitales como el SEO y el marketing en redes sociales, requiere tiempo para producir resultados significativos. Por tanto, tenemos un min. plan de suscripci\u00f3n de 3 meses para el Paquete 3 y entre 6 y 12 meses para los Paquetes 1 y 2. Durante este per\u00edodo, los complejos algoritmos de los motores de b\u00fasqueda como Google y el comportamiento y la conciencia de los clientes potenciales necesitan tiempo para alinearse, y se pueden obtener resultados mensurables. visto despu\u00e9s de al menos 3 meses. Le animamos a que vea estos costos no simplemente como gastos sino como inversiones estrat\u00e9gicas para el crecimiento y el \u00e9xito de su hotel o establecimiento de alojamiento.<\/p>\n<p style=\"text-align: left;\">2. Los precios est\u00e1n sujetos a cambios, pero podemos garantizarlos por el tiempo m\u00ednimo de contrataci\u00f3n. Cualquier cambio de precio se aplica principalmente si las herramientas y servicios de terceros aumentan sus precios.<\/p>\n<p style=\"text-align: left;\">3. Explique brevemente qu\u00e9 es la autoridad de dominio: Mide la confiabilidad y solidez de su sitio web. Cuanto mayor sea la autoridad del dominio, mejor ser\u00e1 la clasificaci\u00f3n de su sitio en Google. Nuestros propios dominios cuentan con un algoritmo especial que mejora significativamente la autoridad del dominio: una clara ventaja para usted.<\/p>\n\n\t\t\t\t\t\t<\/div><!--ult_price_features--><div class=\"ult_clr\"><\/div>\n\t\t\t<\/div><!--pricing_table-->\n\t\t<\/div><!--pricing_table_wrap--><\/div><\/div><\/div><\/div><!-- Row Backgrounds --><div class=\"upb_color\" data-bg-override=\"ex-full\" data-bg-color=\"#ffffff\" data-fadeout=\"\" data-fadeout-percentage=\"30\" data-parallax-content=\"\" data-parallax-content-sense=\"30\" data-row-effect-mobile-disable=\"true\" data-img-parallax-mobile-disable=\"true\" data-rtl=\"false\"  data-custom-vc-row=\"\"  data-vc=\"6.10.0\"  data-is_old_vc=\"\"  data-theme-support=\"\"   data-overlay=\"false\" data-overlay-color=\"\" data-overlay-pattern=\"\" data-overlay-pattern-opacity=\"\" data-overlay-pattern-size=\"\"    ><\/div>\n<\/section>","protected":false},"excerpt":{"rendered":"<p>Service PackagesChoose the package that works for you. With our range of online marketing packages, you&#8217;re in control. Whether you manage a boutique inn or a luxury resort, there&#8217;s a customized package waiting for you. With our assistance, you&#8217;ll increase your online presence and ensure your hotel stands out from the crowd. Prices in US$&hellip;<\/p>","protected":false},"author":11,"featured_media":0,"parent":0,"menu_order":30,"comment_status":"closed","ping_status":"closed","template":"","meta":{"footnotes":""},"class_list":["post-9752","page","type-page","status-publish","hentry","description-off"],"_links":{"self":[{"href":"https:\/\/www.masreservas.net\/es\/wp-json\/wp\/v2\/pages\/9752"}],"collection":[{"href":"https:\/\/www.masreservas.net\/es\/wp-json\/wp\/v2\/pages"}],"about":[{"href":"https:\/\/www.masreservas.net\/es\/wp-json\/wp\/v2\/types\/page"}],"author":[{"embeddable":true,"href":"https:\/\/www.masreservas.net\/es\/wp-json\/wp\/v2\/users\/11"}],"replies":[{"embeddable":true,"href":"https:\/\/www.masreservas.net\/es\/wp-json\/wp\/v2\/comments?post=9752"}],"version-history":[{"count":81,"href":"https:\/\/www.masreservas.net\/es\/wp-json\/wp\/v2\/pages\/9752\/revisions"}],"predecessor-version":[{"id":10316,"href":"https:\/\/www.masreservas.net\/es\/wp-json\/wp\/v2\/pages\/9752\/revisions\/10316"}],"wp:attachment":[{"href":"https:\/\/www.masreservas.net\/es\/wp-json\/wp\/v2\/media?parent=9752"}],"curies":[{"name":"wp","href":"https:\/\/api.w.org\/{rel}","templated":true}]}}