{"id":9938,"date":"2023-07-31T21:45:14","date_gmt":"2023-07-31T21:45:14","guid":{"rendered":"https:\/\/www.masreservas.net\/?page_id=9938"},"modified":"2023-12-03T21:33:49","modified_gmt":"2023-12-03T21:33:49","slug":"additional-service-masreservas","status":"publish","type":"page","link":"https:\/\/www.masreservas.net\/es\/additional-service-masreservas\/","title":{"rendered":"Servicios adicionales"},"content":{"rendered":"<section class=\"wpb-content-wrapper\"><div class=\"vc_row wpb_row vc_row-fluid vc_custom_1690653894095 vc_row-o-equal-height vc_row-o-content-middle vc_row-flex\"><div class=\"wpb_column vc_column_container vc_col-sm-12\"><div class=\"vc_column-inner\"><div class=\"wpb_wrapper\"><div id=\"ultimate-heading-583869f2740b3d388\" class=\"uvc-heading ult-adjust-bottom-margin ultimate-heading-583869f2740b3d388 uvc-8527\" data-hspacer=\"no_spacer\"  data-halign=\"center\" style=\"text-align:center\"><div class=\"uvc-heading-spacer no_spacer\" style=\"top\"><\/div><div class=\"uvc-main-heading ult-responsive\"  data-ultimate-target='.uvc-heading.ultimate-heading-583869f2740b3d388 h2'  data-responsive-json-new='{\"font-size\":\"desktop:60px;\",\"line-height\":\"desktop:70px;\"}' ><h2 style=\"font-family:&#039;Raleway&#039;;font-weight:bold;color:#70665e;margin-bottom:25px;\">Servicios adicionales<\/h2><\/div><div class=\"uvc-sub-heading ult-responsive\"  data-ultimate-target='.uvc-heading.ultimate-heading-583869f2740b3d388 .uvc-sub-heading '  data-responsive-json-new='{\"font-size\":\"desktop:20px;\",\"line-height\":\"desktop:32px;\"}'  style=\"font-family:&#039;Raleway&#039;;font-weight:normal;color:#70665e;\">Mejore nuestros paquetes con una gama de servicios adicionales disponibles, brindando a\u00fan m\u00e1s posibilidades de optimizaci\u00f3n y personalizaci\u00f3n para satisfacer sus necesidades \u00fanicas.<\/div><\/div><\/div><\/div><\/div><\/div><div class=\"vc_row wpb_row vc_row-fluid vc_custom_1690839385279 vc_row-has-fill\"><div class=\"wpb_column vc_column_container vc_col-sm-12\"><div class=\"vc_column-inner\"><div class=\"wpb_wrapper\">\n\t<div class=\"wpb_accordion wpb_content_element  not-column-inherit dt-style dt-accordion-line-on dt-accordion-h5-size\" data-collapsible=\"yes\" data-vc-disable-keydown=\"false\" data-active-tab=\"false\">\n\t\t<div class=\"wpb_wrapper wpb_accordion_wrapper ui-accordion\">\n\n\n\t<div class=\"wpb_accordion_section group\">\n\t\t<h3 class=\"wpb_accordion_header ui-accordion-header\"><a href=\"#multilingual-website\"><span>Sitio web multiling\u00fce<\/span><\/a><\/h3>\n\t\t<div class=\"wpb_accordion_content ui-accordion-content vc_clearfix\">\n\t\t\t\n\t<div class=\"wpb_text_column wpb_content_element\" >\n\t\t<div class=\"wpb_wrapper\">\n\t\t\t<p>Traducci\u00f3n del contenido del sitio web a varios idiomas para atender a una audiencia internacional m\u00e1s amplia. Implementaci\u00f3n de funciones de selecci\u00f3n de idioma para permitir a los usuarios cambiar entre diferentes versiones de idioma del sitio web. Localizaci\u00f3n de contenido para garantizar la relevancia cultural y la resonancia con el mercado objetivo.<\/p>\n<p><strong>Precio: US$35 \/ P\u00e1gina <\/strong><em>(Ejemplo: Sitio web con 5 p\u00e1ginas = US$175)<\/em><\/p>\n\n\t\t<\/div>\n\t<\/div>\n\n\t\t<\/div>\n\t<\/div>\n\n\t<div class=\"wpb_accordion_section group\">\n\t\t<h3 class=\"wpb_accordion_header ui-accordion-header\"><a href=\"#video-photography-and-drone-services\"><span>Servicios de video, fotograf\u00eda y drones<\/span><\/a><\/h3>\n\t\t<div class=\"wpb_accordion_content ui-accordion-content vc_clearfix\">\n\t\t\t\n\t<div class=\"wpb_text_column wpb_content_element\" >\n\t\t<div class=\"wpb_wrapper\">\n\t\t\t<p>Servicios profesionales de videograf\u00eda y fotograf\u00eda para capturar im\u00e1genes de alta calidad de las instalaciones, servicios y atracciones de los alrededores del hotel. Producci\u00f3n de videos promocionales destacando las caracter\u00edsticas y experiencias \u00fanicas del hotel. Incorporaci\u00f3n de im\u00e1genes y videos visualmente atractivos en el sitio web y los perfiles de las redes sociales para mejorar la participaci\u00f3n y la experiencia del usuario, incluida la optimizaci\u00f3n de SEO (tiempo de carga, tama\u00f1o de la imagen, texto alternativo, descripci\u00f3n de la imagen).<\/p>\n<p><strong>Precio:<\/strong><\/p>\n<p><strong>25 im\u00e1genes:\u00a0US$150<\/strong><\/p>\n<p><strong>1 video animado:\u00a0US$200<\/strong><\/p>\n<p><strong>1 Video con Drone:\u00a0US$350<\/strong><\/p>\n\n\t\t<\/div>\n\t<\/div>\n\n\t\t<\/div>\n\t<\/div>\n\n\t<div class=\"wpb_accordion_section group\">\n\t\t<h3 class=\"wpb_accordion_header ui-accordion-header\"><a href=\"#guest-communication-tool-integration\"><span>Integraci\u00f3n de la herramienta de comunicaci\u00f3n con los hu\u00e9spedes del hotel<\/span><\/a><\/h3>\n\t\t<div class=\"wpb_accordion_content ui-accordion-content vc_clearfix\">\n\t\t\t\n\t<div class=\"wpb_text_column wpb_content_element\" >\n\t\t<div class=\"wpb_wrapper\">\n\t\t\t<p>Interact\u00fae con sus hu\u00e9spedes a trav\u00e9s de una comunicaci\u00f3n digital personalizada, desde el momento de la reserva hasta despu\u00e9s del check-out, para aumentar los ingresos. Integre perfectamente nuestra herramienta de comunicaci\u00f3n con los hu\u00e9spedes en las operaciones de su hotel y util\u00edcela junto con nuestro sistema de reservas.<\/p>\n<p>Caracter\u00edsticas:<\/p>\n<ul>\n<li>D\u00e9 la bienvenida a sus hu\u00e9spedes desde el momento en que reservan con impactantes correos electr\u00f3nicos previos a la estad\u00eda.<\/li>\n<li>Proporcione una experiencia de registro digital perfecta para sus invitados antes de que lleguen.<\/li>\n<li>Un formulario de check-in totalmente personalizado, donde podr\u00e1s recoger todos los datos de tus clientes.<\/li>\n<li>Genere ingresos adicionales con oportunidades de ventas adicionales para sus invitados.<\/li>\n<li>Cree sus propias encuestas personalizadas para recopilar comentarios de los hu\u00e9spedes durante su estancia y despu\u00e9s de su salida.<\/li>\n<li>Acceda a todo lo que necesita desde el panel de GuestJoy f\u00e1cil de usar. Aqu\u00ed puede configurar sus correos electr\u00f3nicos de bienvenida, formularios de registro, ventas adicionales y m\u00e1s. Cargado con plantillas para que pueda configurar r\u00e1pidamente e interactuar con sus invitados en poco tiempo:<\/li>\n<\/ul>\n<p><strong>Precios:<\/strong><\/p>\n<p><strong>00 \u2013 05 Habitaciones = US$29<\/strong><br \/>\n<strong>06 \u2013 10 Habitaciones = US$29<\/strong><br \/>\n<strong>11 \u2013 15 Habitaciones = US$29<\/strong><br \/>\n<strong>16 \u2013 20 Habitaciones = US$45<\/strong><br \/>\n<strong>21 \u2013 30 Habitaciones = US$65<br \/>\n31 \u2013 40 Habitaciones = US$85<br \/>\n41 \u2013 50 Habitaciones = US$109<\/strong><\/p>\n\n\t\t<\/div>\n\t<\/div>\n\n\t\t<\/div>\n\t<\/div>\n\n\t\t<\/div>\n\t<\/div>\n<\/div><\/div><\/div><\/div><!-- Row Backgrounds --><div class=\"upb_color\" data-bg-override=\"ex-full\" data-bg-color=\"#ffffff\" data-fadeout=\"\" data-fadeout-percentage=\"30\" data-parallax-content=\"\" data-parallax-content-sense=\"30\" data-row-effect-mobile-disable=\"true\" data-img-parallax-mobile-disable=\"true\" data-rtl=\"false\"  data-custom-vc-row=\"\"  data-vc=\"6.10.0\"  data-is_old_vc=\"\"  data-theme-support=\"\"   data-overlay=\"false\" data-overlay-color=\"\" data-overlay-pattern=\"\" data-overlay-pattern-opacity=\"\" data-overlay-pattern-size=\"\"    ><\/div>\n<\/section>","protected":false},"excerpt":{"rendered":"<p>Additional ServicesEnhance our packages with a range of available additional services, providing even more possibilities for optimization and customization to meet your unique needs. Multilingual Website Translation of website content into various languages to cater to a broader international audience. Implementation of language selection features to allow users to switch between different language versions of&hellip;<\/p>","protected":false},"author":11,"featured_media":0,"parent":0,"menu_order":30,"comment_status":"closed","ping_status":"closed","template":"","meta":{"footnotes":""},"class_list":["post-9938","page","type-page","status-publish","hentry","description-off"],"_links":{"self":[{"href":"https:\/\/www.masreservas.net\/es\/wp-json\/wp\/v2\/pages\/9938"}],"collection":[{"href":"https:\/\/www.masreservas.net\/es\/wp-json\/wp\/v2\/pages"}],"about":[{"href":"https:\/\/www.masreservas.net\/es\/wp-json\/wp\/v2\/types\/page"}],"author":[{"embeddable":true,"href":"https:\/\/www.masreservas.net\/es\/wp-json\/wp\/v2\/users\/11"}],"replies":[{"embeddable":true,"href":"https:\/\/www.masreservas.net\/es\/wp-json\/wp\/v2\/comments?post=9938"}],"version-history":[{"count":10,"href":"https:\/\/www.masreservas.net\/es\/wp-json\/wp\/v2\/pages\/9938\/revisions"}],"predecessor-version":[{"id":10323,"href":"https:\/\/www.masreservas.net\/es\/wp-json\/wp\/v2\/pages\/9938\/revisions\/10323"}],"wp:attachment":[{"href":"https:\/\/www.masreservas.net\/es\/wp-json\/wp\/v2\/media?parent=9938"}],"curies":[{"name":"wp","href":"https:\/\/api.w.org\/{rel}","templated":true}]}}